{"id":1421,"date":"2024-06-03T13:27:16","date_gmt":"2024-06-03T17:27:16","guid":{"rendered":"https:\/\/cdc-pont-viau.swlauriersb.vortexdev.com\/recognition-of-acquired-competencies\/"},"modified":"2024-11-04T15:04:42","modified_gmt":"2024-11-04T20:04:42","slug":"recognition-of-acquired-competencies","status":"publish","type":"page","link":"https:\/\/cdc-pont-viau.swlauriersb.vortexdev.com\/fr\/recognition-of-acquired-competencies\/","title":{"rendered":"La reconnaissance des comp\u00e9tences acquises"},"content":{"rendered":"\n<div class=\"wp-block-media-text is-stacked-on-mobile\"><figure class=\"wp-block-media-text__media\"><img loading=\"lazy\" decoding=\"async\" width=\"1024\" height=\"740\" src=\"http:\/\/cdc-pont-viau.swlauriersb.vortexdev.com\/wp-content\/uploads\/sites\/43\/2024\/07\/RAC-NEW-ENG-1024x740.png\" alt=\"\" class=\"wp-image-1598 size-full\" srcset=\"https:\/\/cdc-pont-viau.swlauriersb.vortexdev.com\/wp-content\/uploads\/sites\/43\/2024\/07\/RAC-NEW-ENG-1024x740.png 1024w, https:\/\/cdc-pont-viau.swlauriersb.vortexdev.com\/wp-content\/uploads\/sites\/43\/2024\/07\/RAC-NEW-ENG-300x217.png 300w, https:\/\/cdc-pont-viau.swlauriersb.vortexdev.com\/wp-content\/uploads\/sites\/43\/2024\/07\/RAC-NEW-ENG-768x555.png 768w, https:\/\/cdc-pont-viau.swlauriersb.vortexdev.com\/wp-content\/uploads\/sites\/43\/2024\/07\/RAC-NEW-ENG-1536x1111.png 1536w, https:\/\/cdc-pont-viau.swlauriersb.vortexdev.com\/wp-content\/uploads\/sites\/43\/2024\/07\/RAC-NEW-ENG-2048x1481.png 2048w\" sizes=\"(max-width: 1024px) 100vw, 1024px\" \/><\/figure><div class=\"wp-block-media-text__content\">\n<h3 class=\"wp-block-heading\">Your experience is more valuable than you think!<\/h3>\n\n\n\n<p>The Ministry of Education believes that on-the-job training should count towards the granting of a diploma or attestation.&nbsp; Through our Recognition of Acquired Competencies Program, you can gain advanced standing in a diploma or attestation program because of the experience you bring to your studies.<\/p>\n\n\n\n<p>RAC is offered in all of our programs with some exceptions. Contact us to find out more ! <\/p>\n<\/div><\/div>\n\n\n\n<div class=\"wp-block-buttons is-content-justification-center is-layout-flex wp-container-core-buttons-is-layout-1 wp-block-buttons-is-layout-flex\">\n<div class=\"wp-block-button\"><a class=\"wp-block-button__link wp-element-button\" href=\"https:\/\/cdc-pont-viau.swlauriersb.vortexdev.com\/program\/rac\">La reconnaissance des comp\u00e9tences acquises<i class=\"icon-arrow-left\"><\/i><\/a><\/div>\n<\/div>\n\n\n\n<div class=\"wp-block-columns is-layout-flex wp-container-core-columns-is-layout-1 wp-block-columns-is-layout-flex\">\n<div class=\"wp-block-column is-layout-flow wp-block-column-is-layout-flow\">\n<h3 class=\"wp-block-heading\">Qu&#8217;est-ce que le RAC ?<\/h3>\n\n\n\n<p>Le minist\u00e8re de l&#8217;\u00c9ducation estime que la formation en milieu de travail, l&#8217;exp\u00e9rience personnelle et l&#8217;apprentissage autonome devraient compter pour l&#8217;obtention d&#8217;un dipl\u00f4me ou d&#8217;une attestation. Gr\u00e2ce \u00e0 notre programme de reconnaissance des comp\u00e9tences acquises, vous pouvez obtenir un statut avanc\u00e9 dans un programme de dipl\u00f4me ou d&#8217;attestation par le biais de votre exp\u00e9rience combin\u00e9e. Peu importe o\u00f9 et comment vous avez acquis vos comp\u00e9tences ou vos connaissances, nous voulons valider cette exp\u00e9rience pour vous sous la forme d&#8217;un dipl\u00f4me.<\/p>\n\n\n\n<div class=\"wp-block-buttons is-content-justification-center is-layout-flex wp-container-core-buttons-is-layout-2 wp-block-buttons-is-layout-flex\">\n<div class=\"wp-block-button is-style-outline\"><a class=\"wp-block-button__link wp-element-button\" href=\"http:\/\/www.ceracfp.ca\">Page Officielle RAC<i class=\"icon-arrow-left\"><\/i><\/a><\/div>\n<\/div>\n<\/div>\n\n\n\n<div class=\"wp-block-column is-vertically-aligned-center is-layout-flow wp-block-column-is-layout-flow\">\n<figure class=\"wp-block-embed is-type-video is-provider-youtube wp-block-embed-youtube wp-embed-aspect-16-9 wp-has-aspect-ratio\"><div class=\"wp-block-embed__wrapper\">\n<iframe loading=\"lazy\" title=\"RAC   RECOGNITION OF ACQUIRED COMPETENCIES\" width=\"500\" height=\"281\" src=\"https:\/\/www.youtube.com\/embed\/QLbufMKA9Z8?feature=oembed\" frameborder=\"0\" allow=\"accelerometer; autoplay; clipboard-write; encrypted-media; gyroscope; picture-in-picture; web-share\" referrerpolicy=\"strict-origin-when-cross-origin\" allowfullscreen><\/iframe>\n<\/div><\/figure>\n<\/div>\n<\/div>\n\n\n\n<h3 class=\"wp-block-heading\">\u00c0 QUI s&#8217;adresse RAC ?<\/h3>\n\n\n\n<p>RAC s&#8217;adresse aux adultes qui poss\u00e8dent une exp\u00e9rience significative dans un domaine pr\u00e9cis et qui souhaitent que cette exp\u00e9rience soit reconnue officiellement. Le RAC vous concerne si vous \u00eates motiv\u00e9 pour mettre \u00e0 jour vos comp\u00e9tences, si vous avez des ann\u00e9es d&#8217;exp\u00e9rience professionnelle dans un domaine, si vous avez eu des exp\u00e9riences d&#8217;apprentissage vari\u00e9es, si vous \u00eates b\u00e9n\u00e9vole ou si vous avez des connaissances substantielles dans un domaine. Elle s&#8217;adresse \u00e9galement \u00e0 une personne qui a re\u00e7u une formation \u00e0 l&#8217;ext\u00e9rieur du Qu\u00e9bec qui n&#8217;est pas actuellement reconnue par le minist\u00e8re de l&#8217;\u00c9ducation.<\/p>\n\n\n\n<h3 class=\"wp-block-heading\">POURQUOI d\u00e9cider de proc\u00e9der \u00e0 la RAC ?<\/h3>\n\n\n\n<ul>\n<li>Am\u00e9liorer vos conditions de travail<\/li>\n\n\n\n<li>Acqu\u00e9rir un dipl\u00f4me pour aspirer \u00e0 un nouvel emploi<\/li>\n\n\n\n<li>S&#8217;int\u00e9grer plus facilement au march\u00e9 du travail (personnes hors Qu\u00e9bec ou hors Canada)<\/li>\n\n\n\n<li>Se qualifier pour r\u00e9pondre aux exigences des m\u00e9tiers r\u00e9glement\u00e9s.<\/li>\n\n\n\n<li>Faire le point sur les comp\u00e9tences acquises au fil des ans pour des raisons personnelles.<\/li>\n<\/ul>\n\n\n\n<h3 class=\"wp-block-heading\">Quelle est la marche \u00e0 suivre ?<\/h3>\n\n\n\n<p>Au cours d&#8217;un entretien RAC, vous rencontrerez un sp\u00e9cialiste de contenu qui vous guidera tout au long du processus, examinera les comp\u00e9tences professionnelles que vous avez d\u00e9velopp\u00e9es, les objectifs et les comp\u00e9tences qui doivent \u00eatre d\u00e9velopp\u00e9s dans le cadre d&#8217;un programme professionnel, et cr\u00e9era un plan d&#8217;\u00e9tude et d&#8217;\u00e9valuation individualis\u00e9 qui vous m\u00e8nera \u00e0 la r\u00e9ussite et \u00e0 l&#8217;obtention d&#8217;un dipl\u00f4me dans le cadre d&#8217;un programme d&#8217;\u00e9tudes professionnelles reconnu.<\/p>\n\n\n\n<h3 class=\"wp-block-heading\">Where do I apply ?<\/h3>\n\n\n\n<p>Apply or get more information via our contact form and select RAC under subject options.<\/p>\n\n\n\n<div class=\"wp-block-buttons is-content-justification-center is-layout-flex wp-container-core-buttons-is-layout-3 wp-block-buttons-is-layout-flex\">\n<div class=\"wp-block-button\"><a class=\"wp-block-button__link wp-element-button\" href=\"https:\/\/cdc-pont-viau.swlauriersb.vortexdev.com\/contact\/\">Contact us<i class=\"icon-arrow-left\"><\/i><\/a><\/div>\n<\/div>\n\n\n\n<h3 class=\"wp-block-heading\" id=\"registration_information\">Registration information<\/h3>\n\n\n\n<p>In order to&nbsp;register for&nbsp;<strong>RAC<\/strong>&nbsp;you need to come&nbsp;<strong>IN-PERSON<\/strong>&nbsp;and bring <strong>ORIGINAL&nbsp;<\/strong>documents based on your profile below.<\/p>\n\n\n\n<p><strong><em>Note : We will only begin RAC process once a file is complete.<\/em><\/strong><\/p>\n\n\n\n<p class=\"is-style-suptitle-alt\"><strong>CDC PONT-VIAU<br>60, Lahaie Street<br>Laval (Qc) H7G 3A8<\/strong><\/p>\n\n\n\n<p><strong>TEL: 450.680.3032 EXT 4100<\/strong><\/p>\n\n\n\n\n<section class=\"testimonials-block theme-block alignfull\"\n>\n  <div class=\"testimonials-block__wrapper\">\n    <div class=\"testimonials-block__row\">\n\n      <div class=\"testimonials-block__title-wrap\">\n\n        <div class=\"testimonials-block__title-inner\">\n          <div class=\"titles-block\">\n                          <p class=\"testimonials-block__subtitle\">\n                CDC Pont-viau              <\/p>\n                                      <h2 class=\"testimonials-block__title\">\n                Testimonials              <\/h2>\n                      <\/div>\n        <\/div>\n      <\/div>\n\n      <div class=\"testimonials-block__carousel swiper\">\n        <div class=\"swiper-wrapper\">\n                                    <div class=\"testimonials__item swiper-slide\">\n                <div class=\"testimonials__item__heading\">\n                                      <p class=\"testimonials_item_name\">Sebastien Surprenant<\/p>\n                                                    <\/div>\n                <div class=\"testimonials__item__content\">\n                                      <div class=\"testimonials_item\"><p>Being in the RAC process at CDC Pont-Viau allowed me to be able to complete my institutional and Home Care Assistance DEP with amazing flexibility. Having all my previous experience judged accordingly by some of the best content specialists I&#8217;ve ever met was truly fantastic! They helped me build my ideal schedule so that i could balance work and school. Everyone was so helpful and that ultimately propelled me to succeed with ease.<\/p>\n<\/div>\n                                  <\/div>\n              <\/div>\n                              <\/div>\n          <!-- Swiper navigation -->\n        <div class=\"vtx-swiper-navigation\">\n          <div class=\"swiper-pagination\"><\/div>\n          <div class=\"swiper-button-prev\"><\/div>\n          <div class=\"swiper-button-next\"><\/div>\n        <\/div>\n\n      <\/div>\n    <\/div>\n  <\/div>\n<\/section>\n\n\n\n<div class=\"block-accordions-group theme-block theme-block--innerblock aligndefault\">\n    <span class=\"theme-block__label\">Accord\u00e9ons<\/span>\n  \n    \n<div class=\"block-accordion  theme-block theme-block--innerblock aligndefault\">\n    <span class=\"theme-block__label\">Accord\u00e9on<\/span>\n    <h3 class=\"block-accordion__title\">Born in Quebec<\/h3>\n    \n\n<p><\/p>\n\n\n\n<ul>\n<li>Quebec birth certificate (long form only)<\/li>\n\n\n\n<li>Ministry of Education Transcript of marks or High School Diploma<\/li>\n\n\n\n<li>Medicare Card or Driver\u2019s License<\/li>\n\n\n\n<li>S.I.N. number<\/li>\n\n\n\n<li>C.V.<\/li>\n\n\n\n<li>Self-Assessment forms completed<\/li>\n\n\n\n<li>Additional Training certificates according to trade<\/li>\n\n\n\n<li>Qualification Cards (Ex.ASP, PDSP, First Aid, others)<\/li>\n\n\n\n<li>Employment certificates, if required (letter, end of employment, etc.)<\/li>\n\n\n\n<li>Any other relevant document<\/li>\n<\/ul>\n\n\n<\/div>\n\n                    \n\n\n<div class=\"block-accordion  theme-block theme-block--innerblock aligndefault\">\n    <span class=\"theme-block__label\">Accord\u00e9on<\/span>\n    <h3 class=\"block-accordion__title\">Born in Canada (outside of Quebec)<\/h3>\n    \n\n<ul>\n<li>Provincial birth certificate<\/li>\n\n\n\n<li>Transcript of marks from high school (province issued) or High School Diploma (province issued)<\/li>\n\n\n\n<li>3 consecutive years of notice of assessment tax forms or municipal tax forms (proving you have lived in &nbsp;&nbsp;Quebec for 3 out of the 5 most recent years)<\/li>\n\n\n\n<li>Medicare Card or Driver\u2019s License<\/li>\n\n\n\n<li>S.I.N number<\/li>\n\n\n\n<li>C.V.<\/li>\n\n\n\n<li>Self-Assessment forms completed<\/li>\n\n\n\n<li>Additional Training certificates according to trade<\/li>\n\n\n\n<li>Qualification Cards (Ex.ASP, PDSP, First Aid, others)<\/li>\n\n\n\n<li>Employment certificates, if required (letter, end of employment, etc.)<\/li>\n\n\n\n<li>Any other relevant document<\/li>\n<\/ul>\n\n\n<\/div>\n\n                    \n\n\n<div class=\"block-accordion  theme-block theme-block--innerblock aligndefault\">\n    <span class=\"theme-block__label\">Accord\u00e9on<\/span>\n    <h3 class=\"block-accordion__title\">Born outside of CANADA (Canadian citizen or Permanent resident)<\/h3>\n    \n\n<ul>\n<li>Birth certificate (if possible)<\/li>\n\n\n\n<li>\u00c9tude Comparative (MIDI, if available)<\/li>\n\n\n\n<li>Diplomas and transcripts<\/li>\n\n\n\n<li>Permanent resident card (and paper) or Canadian citizenship card<\/li>\n\n\n\n<li>Certificat de selection du Quebec (CSQ) OR 3 consecutive years of notice of assessment tax forms or municipal tax forms (proving you have lived in Quebec for 3 out of the 5 most recent years)<\/li>\n\n\n\n<li>Medicare Card or Driver\u2019s License<\/li>\n\n\n\n<li>S.I.N. number<\/li>\n\n\n\n<li>C.V.<\/li>\n\n\n\n<li>Self-Assessment forms completed<\/li>\n\n\n\n<li>Additional Training certificates according to trade<\/li>\n\n\n\n<li>Qualification Cards (Ex.ASP, PDSP, First Aid, others)<\/li>\n\n\n\n<li>Employment certificates, if required (letter, end of employment, etc.)<\/li>\n\n\n\n<li>Any other relevant document<\/li>\n<\/ul>\n\n\n<\/div>\n\n                    \n\n\n<div class=\"block-accordion  theme-block theme-block--innerblock aligndefault\">\n    <span class=\"theme-block__label\">Accord\u00e9on<\/span>\n    <h3 class=\"block-accordion__title\">Born outside of Canada and you have an accepted REFUGEE claim<\/h3>\n    \n\n<ul>\n<li>Birth certificate (if possible)<\/li>\n\n\n\n<li><strong>Federal Study Permit<\/strong><\/li>\n\n\n\n<li><strong>Certificat de selection du Quebec (CSQ) with R8 status<\/strong><\/li>\n\n\n\n<li><strong>Notice of Decision from the Federal Government<\/strong><\/li>\n\n\n\n<li><strong>Diplomas and Transcripts<\/strong><\/li>\n\n\n\n<li>Medicare Card and Driver\u2019s License<\/li>\n\n\n\n<li>S.I.N. number<\/li>\n\n\n\n<li>C.V.<\/li>\n\n\n\n<li>Self-Assessment forms completed<\/li>\n\n\n\n<li>Additional Training certificates according to trade<\/li>\n\n\n\n<li>Qualification Cards (Ex.ASP, PDSP, First Aid, others)<\/li>\n\n\n\n<li>Employment certificates, if required (letter, end of employment, etc.)<\/li>\n\n\n\n<li>Any other relevant document<\/li>\n<\/ul>\n\n\n<\/div>\n\n                    \n\n\n<div class=\"block-accordion  theme-block theme-block--innerblock aligndefault\">\n    <span class=\"theme-block__label\">Accord\u00e9on<\/span>\n    <h3 class=\"block-accordion__title\">Refugee Claimant Status <\/h3>\n    \n\n<ul>\n<li>Birth certificate (if possible)<\/li>\n\n\n\n<li><strong>Valid Federal Work Permit<\/strong><\/li>\n\n\n\n<li><strong>Federal Study Permit<\/strong><\/li>\n\n\n\n<li><strong>Certificat d\u2019Acceptation du Qu\u00e9bec (CAQ) Refugee claimant form (Brown Paper)<\/strong><\/li>\n\n\n\n<li>Medicare Card or Driver\u2019s License<\/li>\n\n\n\n<li>C.V.<\/li>\n\n\n\n<li>Self-Assessment forms completed<\/li>\n\n\n\n<li>Additional Training certificates according to trade<\/li>\n\n\n\n<li>Qualification Cards (Ex.ASP, PDSP, First Aid, others)<\/li>\n\n\n\n<li>Employment certificates, if required (letter, end of employment, etc.)<\/li>\n\n\n\n<li>Any other relevant document<\/li>\n<\/ul>\n\n\n<\/div>\n\n                    \n\n\n<\/div>\n","protected":false},"excerpt":{"rendered":"<p>Your experience is more valuable than you think! The Ministry of Education believes that on-the-job training should count towards the granting of a diploma or attestation.&nbsp; Through our Recognition of Acquired Competencies Program, you can gain advanced standing in a diploma or attestation program because of the experience you bring to your studies. RAC is&hellip;<\/p>\n","protected":false},"author":1,"featured_media":0,"parent":0,"menu_order":0,"comment_status":"closed","ping_status":"closed","template":"","meta":{"_acf_changed":false,"_relevanssi_hide_post":"","_relevanssi_hide_content":"","_relevanssi_pin_for_all":"","_relevanssi_pin_keywords":"","_relevanssi_unpin_keywords":"","_relevanssi_related_keywords":"","_relevanssi_related_include_ids":"","_relevanssi_related_exclude_ids":"","_relevanssi_related_no_append":"","_relevanssi_related_not_related":"","_relevanssi_related_posts":"2203","_relevanssi_noindex_reason":"","footnotes":""},"acf":[],"_links":{"self":[{"href":"https:\/\/cdc-pont-viau.swlauriersb.vortexdev.com\/fr\/wp-json\/wp\/v2\/pages\/1421"}],"collection":[{"href":"https:\/\/cdc-pont-viau.swlauriersb.vortexdev.com\/fr\/wp-json\/wp\/v2\/pages"}],"about":[{"href":"https:\/\/cdc-pont-viau.swlauriersb.vortexdev.com\/fr\/wp-json\/wp\/v2\/types\/page"}],"author":[{"embeddable":true,"href":"https:\/\/cdc-pont-viau.swlauriersb.vortexdev.com\/fr\/wp-json\/wp\/v2\/users\/1"}],"replies":[{"embeddable":true,"href":"https:\/\/cdc-pont-viau.swlauriersb.vortexdev.com\/fr\/wp-json\/wp\/v2\/comments?post=1421"}],"version-history":[{"count":7,"href":"https:\/\/cdc-pont-viau.swlauriersb.vortexdev.com\/fr\/wp-json\/wp\/v2\/pages\/1421\/revisions"}],"predecessor-version":[{"id":2219,"href":"https:\/\/cdc-pont-viau.swlauriersb.vortexdev.com\/fr\/wp-json\/wp\/v2\/pages\/1421\/revisions\/2219"}],"wp:attachment":[{"href":"https:\/\/cdc-pont-viau.swlauriersb.vortexdev.com\/fr\/wp-json\/wp\/v2\/media?parent=1421"}],"curies":[{"name":"wp","href":"https:\/\/api.w.org\/{rel}","templated":true}]}}