{"id":1830,"date":"2024-08-21T16:39:50","date_gmt":"2024-08-21T20:39:50","guid":{"rendered":"https:\/\/cdc-pont-viau.swlauriersb.vortexdev.com\/international-student-program\/"},"modified":"2024-10-03T15:18:31","modified_gmt":"2024-10-03T19:18:31","slug":"programme-etudiant-international","status":"publish","type":"page","link":"https:\/\/cdc-pont-viau.swlauriersb.vortexdev.com\/fr\/programme-etudiant-international\/","title":{"rendered":"Programme \u00c9tudiant International"},"content":{"rendered":"\n<div class=\"wp-block-media-text alignwide is-stacked-on-mobile\"><figure class=\"wp-block-media-text__media\"><img loading=\"lazy\" decoding=\"async\" width=\"1024\" height=\"768\" src=\"http:\/\/cdc-pont-viau.swlauriersb.vortexdev.com\/wp-content\/uploads\/sites\/43\/2024\/06\/IMG_1882-1024x768.jpeg\" alt=\"\" class=\"wp-image-729 size-full\" srcset=\"https:\/\/cdc-pont-viau.swlauriersb.vortexdev.com\/wp-content\/uploads\/sites\/43\/2024\/06\/IMG_1882-1024x768.jpeg 1024w, https:\/\/cdc-pont-viau.swlauriersb.vortexdev.com\/wp-content\/uploads\/sites\/43\/2024\/06\/IMG_1882-300x225.jpeg 300w, https:\/\/cdc-pont-viau.swlauriersb.vortexdev.com\/wp-content\/uploads\/sites\/43\/2024\/06\/IMG_1882-768x576.jpeg 768w, https:\/\/cdc-pont-viau.swlauriersb.vortexdev.com\/wp-content\/uploads\/sites\/43\/2024\/06\/IMG_1882-1536x1152.jpeg 1536w, https:\/\/cdc-pont-viau.swlauriersb.vortexdev.com\/wp-content\/uploads\/sites\/43\/2024\/06\/IMG_1882-2048x1536.jpeg 2048w\" sizes=\"(max-width: 1024px) 100vw, 1024px\" \/><\/figure><div class=\"wp-block-media-text__content\">\n<p>Le Centre de d\u00e9veloppement des comp\u00e9tences de Pont-Viau (CDC Pont-Viau), situ\u00e9 \u00e0 Laval, offre des programmes de formation professionnelle, en anglais,  dans les domaines de la sant\u00e9, de la technologie, de l&#8217;administration, du b\u00e2timent et des travaux publics. Ces programmes sont sanctionn\u00e9s par un dipl\u00f4me d&#8217;\u00e9tudes professionnelles (DEP) ou une attestation de sp\u00e9cialisation professionnelle (ASP) d\u00e9livr\u00e9s par le minist\u00e8re de l&#8217;\u00c9ducation du Qu\u00e9bec. Le centre est id\u00e9alement situ\u00e9 pr\u00e8s de la station de m\u00e9tro Cartier et offre un soutien d\u00e9vou\u00e9 aux \u00e9tudiants internationaux, assurant leur r\u00e9ussite tout au long de leur parcours \u00e9ducatif gr\u00e2ce \u00e0 une \u00e9quipe de professionnels et d&#8217;enseignants. Nous offrons une vari\u00e9t\u00e9 de programmes individuels de 1800 heures ainsi que des programmes combin\u00e9s totalisant 1350 heures et plus.<\/p>\n\n\n\n<p><\/p>\n\n\n\n<div class=\"wp-block-buttons is-layout-flex wp-block-buttons-is-layout-flex\">\n<div class=\"wp-block-button\"><a class=\"wp-block-button__link wp-element-button\" href=\"https:\/\/youtu.be\/n8Rbb_d2xn0\">Visionnez notre VIDEO (en anglais) !<i class=\"icon-arrow-left\"><\/i><\/a><\/div>\n<\/div>\n<\/div><\/div>\n\n\n\n<div class=\"block-accordions-group theme-block theme-block--innerblock aligndefault\">\n    <span class=\"theme-block__label\">Accord\u00e9ons<\/span>\n  \n    \n<div class=\"block-accordion  theme-block theme-block--innerblock aligndefault\">\n    <span class=\"theme-block__label\">Accord\u00e9on<\/span>\n    <h3 class=\"block-accordion__title\">Programmes, prix, calendriers 2024-2025<\/h3>\n    \n\n<div data-wp-interactive=\"core\/file\" class=\"wp-block-file\"><object data-wp-bind--hidden=\"!state.hasPdfPreview\"  class=\"wp-block-file__embed\" data=\"https:\/\/cdc-pont-viau.swlauriersb.vortexdev.com\/wp-content\/uploads\/sites\/43\/2024\/08\/VOCATIONAL-TRAINING-PROGRAMS-SCHEDULE-AND-PRICE-LIST-2024-2025.pdf\" type=\"application\/pdf\" style=\"width:100%;height:290px\" aria-label=\"Contenu incorpor\u00e9 VOCATIONAL-TRAINING-PROGRAMS-SCHEDULE-AND-PRICE-LIST-2024-2025.\"><\/object><a id=\"wp-block-file--media-70ed08c3-dd03-45bb-8670-5753f080e59c\" href=\"https:\/\/cdc-pont-viau.swlauriersb.vortexdev.com\/wp-content\/uploads\/sites\/43\/2024\/08\/VOCATIONAL-TRAINING-PROGRAMS-SCHEDULE-AND-PRICE-LIST-2024-2025.pdf\">VOCATIONAL-TRAINING-PROGRAMS-SCHEDULE-AND-PRICE-LIST-2024-2025<\/a><a href=\"https:\/\/cdc-pont-viau.swlauriersb.vortexdev.com\/wp-content\/uploads\/sites\/43\/2024\/08\/VOCATIONAL-TRAINING-PROGRAMS-SCHEDULE-AND-PRICE-LIST-2024-2025.pdf\" class=\"wp-block-file__button wp-element-button\" download aria-describedby=\"wp-block-file--media-70ed08c3-dd03-45bb-8670-5753f080e59c\">Download<\/a><\/div>\n\n\n<\/div>\n\n                    \n\n\n<div class=\"block-accordion  theme-block theme-block--innerblock aligndefault\">\n    <span class=\"theme-block__label\">Accord\u00e9on<\/span>\n    <h3 class=\"block-accordion__title\">Vocational Student Training Contract <\/h3>\n    \n\n<div data-wp-interactive=\"core\/file\" class=\"wp-block-file\"><object data-wp-bind--hidden=\"!state.hasPdfPreview\"  class=\"wp-block-file__embed\" data=\"https:\/\/cdc-pont-viau.swlauriersb.vortexdev.com\/wp-content\/uploads\/sites\/43\/2024\/08\/SWLSB-vocational-training-sector-student-contract-2024-2025.pdf\" type=\"application\/pdf\" style=\"width:100%;height:230px\" aria-label=\"Contenu incorpor\u00e9 SWLSB-vocational-training-sector-student-contract-2024-2025.\"><\/object><a id=\"wp-block-file--media-9384125a-5c0f-4ec8-83a2-62deb79ba0a1\" href=\"https:\/\/cdc-pont-viau.swlauriersb.vortexdev.com\/wp-content\/uploads\/sites\/43\/2024\/08\/SWLSB-vocational-training-sector-student-contract-2024-2025.pdf\">SWLSB-vocational-training-sector-student-contract-2024-2025<\/a><a href=\"https:\/\/cdc-pont-viau.swlauriersb.vortexdev.com\/wp-content\/uploads\/sites\/43\/2024\/08\/SWLSB-vocational-training-sector-student-contract-2024-2025.pdf\" class=\"wp-block-file__button wp-element-button\" download aria-describedby=\"wp-block-file--media-9384125a-5c0f-4ec8-83a2-62deb79ba0a1\">Download<\/a><\/div>\n\n\n\n<div class=\"wp-block-group is-layout-constrained wp-block-group-is-layout-constrained\">\n<div class=\"block-accordions-group theme-block theme-block--innerblock aligndefault\">\n    <span class=\"theme-block__label\">Accord\u00e9ons<\/span>\n  \n    \n<div class=\"block-accordion  theme-block theme-block--innerblock aligndefault\">\n    <span class=\"theme-block__label\">Accord\u00e9on<\/span>\n    <h3 class=\"block-accordion__title\">Contact us<\/h3>\n    \n\n<p>For all inquiries please contact us by email at:&nbsp;<a href=\"mailto:kwongahhang@swlauriersb.qc.ca\">isp@swlauriersb.qc.ca<\/a><\/p>\n\n\n\n<p>235 Mont\u00e9e Lesage, Rosem\u00e8re, Quebec, Canada J7A 4Y6<strong><br><\/strong>Tel.:&nbsp;<strong>450 621-5600 extension 1225<\/strong><\/p>\n\n\n<\/div>\n\n                    \n\n\n<div class=\"block-accordion  theme-block theme-block--innerblock aligndefault\">\n    <span class=\"theme-block__label\">Accord\u00e9on<\/span>\n    <h3 class=\"block-accordion__title\">Apply Now <\/h3>\n    \n\n<p>To submit a new application for the&nbsp;<strong>YOUTH SECTOR&nbsp;<\/strong>or the&nbsp;<strong>VOCATIONAL SECTOR,&nbsp;<\/strong>please visit our online platform&nbsp;<a href=\"https:\/\/mytruenorth.ca\/appindex.php?db=sirwilfridlaurier\"><strong>MY TRUE NORTH<\/strong><\/a><\/p>\n\n\n<\/div>\n\n                    \n\n\n<\/div>\n<\/div>\n\n\n<\/div>\n\n                    \n\n\n<\/div>\n\n\n\n<div class=\"block-accordions-group theme-block theme-block--innerblock aligndefault\">\n    <span class=\"theme-block__label\">Accord\u00e9ons<\/span>\n  \n    \n<div class=\"block-accordion  theme-block theme-block--innerblock aligndefault\">\n    <span class=\"theme-block__label\">Accord\u00e9on<\/span>\n    <h3 class=\"block-accordion__title\">Contact us <\/h3>\n    \n\n<p>For all inquiries please contact us by email at:&nbsp;<a href=\"mailto:kwongahhang@swlauriersb.qc.ca\">isp@swlauriersb.qc.ca<\/a><\/p>\n\n\n\n<p>235 Mont\u00e9e Lesage, Rosem\u00e8re, Quebec, Canada J7A 4Y6<strong><br><\/strong>Tel.:&nbsp;<strong>450 621-5600 extension 1225<\/strong><\/p>\n\n\n\n<p><\/p>\n\n\n<\/div>\n\n                    \n\n\n<div class=\"block-accordion  theme-block theme-block--innerblock aligndefault\">\n    <span class=\"theme-block__label\">Accord\u00e9on<\/span>\n    <h3 class=\"block-accordion__title\">Apply Here  <\/h3>\n    \n\n<p>To submit a new application for the&nbsp;<strong>YOUTH SECTOR&nbsp;<\/strong>or the&nbsp;<strong>VOCATIONAL SECTOR,&nbsp;<\/strong>please visit our online platform&nbsp;<a href=\"https:\/\/mytruenorth.ca\/appindex.php?db=sirwilfridlaurier\"><strong>MY TRUE NORTH<\/strong><\/a><\/p>\n\n\n<\/div>\n\n                    \n\n\n<\/div>\n","protected":false},"excerpt":{"rendered":"","protected":false},"author":80,"featured_media":0,"parent":0,"menu_order":0,"comment_status":"closed","ping_status":"closed","template":"","meta":{"_acf_changed":false,"_relevanssi_hide_post":"","_relevanssi_hide_content":"","_relevanssi_pin_for_all":"","_relevanssi_pin_keywords":"","_relevanssi_unpin_keywords":"","_relevanssi_related_keywords":"","_relevanssi_related_include_ids":"","_relevanssi_related_exclude_ids":"","_relevanssi_related_no_append":"","_relevanssi_related_not_related":"","_relevanssi_related_posts":"","_relevanssi_noindex_reason":"","footnotes":""},"acf":[],"_links":{"self":[{"href":"https:\/\/cdc-pont-viau.swlauriersb.vortexdev.com\/fr\/wp-json\/wp\/v2\/pages\/1830"}],"collection":[{"href":"https:\/\/cdc-pont-viau.swlauriersb.vortexdev.com\/fr\/wp-json\/wp\/v2\/pages"}],"about":[{"href":"https:\/\/cdc-pont-viau.swlauriersb.vortexdev.com\/fr\/wp-json\/wp\/v2\/types\/page"}],"author":[{"embeddable":true,"href":"https:\/\/cdc-pont-viau.swlauriersb.vortexdev.com\/fr\/wp-json\/wp\/v2\/users\/80"}],"replies":[{"embeddable":true,"href":"https:\/\/cdc-pont-viau.swlauriersb.vortexdev.com\/fr\/wp-json\/wp\/v2\/comments?post=1830"}],"version-history":[{"count":4,"href":"https:\/\/cdc-pont-viau.swlauriersb.vortexdev.com\/fr\/wp-json\/wp\/v2\/pages\/1830\/revisions"}],"predecessor-version":[{"id":2068,"href":"https:\/\/cdc-pont-viau.swlauriersb.vortexdev.com\/fr\/wp-json\/wp\/v2\/pages\/1830\/revisions\/2068"}],"wp:attachment":[{"href":"https:\/\/cdc-pont-viau.swlauriersb.vortexdev.com\/fr\/wp-json\/wp\/v2\/media?parent=1830"}],"curies":[{"name":"wp","href":"https:\/\/api.w.org\/{rel}","templated":true}]}}