{"id":676,"date":"2024-05-24T08:22:55","date_gmt":"2024-05-24T12:22:55","guid":{"rendered":"https:\/\/cdc-pont-viau.swlauriersb.vortexdev.com\/gdt\/"},"modified":"2024-09-12T15:18:34","modified_gmt":"2024-09-12T19:18:34","slug":"gdt","status":"publish","type":"page","link":"https:\/\/cdc-pont-viau.swlauriersb.vortexdev.com\/fr\/other-services-offered\/gdt\/","title":{"rendered":"Pr\u00eats et bourses"},"content":{"rendered":"\n<p>Pr\u00eats et bourses propos\u00e9s par l&#8217; <a href=\"https:\/\/www.quebec.ca\/education\/aide-financiere-aux-etudes\">AFE<\/a>.  L&#8217;aide financi\u00e8re est g\u00e9n\u00e9ralement attribu\u00e9e aux \u00e9tudiants inscrits \u00e0 temps plein. Chaque cas est unique. Il est important que vous fassiez vos recherches.<\/p>\n\n\n\n<p>Notre conseiller acad\u00e9mique et professionnel peut vous rencontrer pour discuter des diff\u00e9rentes options qui s&#8217;offrent \u00e0 vous. Veuillez prendre rendez-vous avec notre conseiller au 450-680-3032, poste 4100.<\/p>\n\n\n\n<p>Regardez les vid\u00e9os ci-dessous sur l&#8217;AFE et sur la fa\u00e7on de demander des pr\u00eats et des bourses.<\/p>\n\n\n\n<div class=\"wp-block-columns is-layout-flex wp-container-core-columns-is-layout-1 wp-block-columns-is-layout-flex\">\n<div class=\"wp-block-column is-layout-flow wp-block-column-is-layout-flow\">\n<div class=\"wp-block-buttons is-content-justification-center is-layout-flex wp-container-core-buttons-is-layout-1 wp-block-buttons-is-layout-flex\">\n<div class=\"wp-block-button\"><a class=\"wp-block-button__link wp-element-button\" href=\"https:\/\/youtu.be\/QU_VygFVEbk\">Demande d&#8217;aide financi\u00e8re<i class=\"icon-arrow-left\"><\/i><\/a><\/div>\n<\/div>\n<\/div>\n\n\n\n<div class=\"wp-block-column is-layout-flow wp-block-column-is-layout-flow\">\n<div class=\"wp-block-buttons is-content-justification-center is-layout-flex wp-container-core-buttons-is-layout-2 wp-block-buttons-is-layout-flex\">\n<div class=\"wp-block-button\"><a class=\"wp-block-button__link wp-element-button\" href=\"https:\/\/youtu.be\/paeAwHXl6Ik\">Cr\u00e9ation de votre compte en ligne<i class=\"icon-arrow-left\"><\/i><\/a><\/div>\n<\/div>\n<\/div>\n<\/div>\n\n\n\n<div class=\"wp-block-columns is-layout-flex wp-container-core-columns-is-layout-2 wp-block-columns-is-layout-flex\">\n<div class=\"wp-block-column is-layout-flow wp-block-column-is-layout-flow\"><\/div>\n<\/div>\n","protected":false},"excerpt":{"rendered":"<p>Pr\u00eats et bourses propos\u00e9s par l&#8217; AFE. L&#8217;aide financi\u00e8re est g\u00e9n\u00e9ralement attribu\u00e9e aux \u00e9tudiants inscrits \u00e0 temps plein. Chaque cas est unique. Il est important que vous fassiez vos recherches. Notre conseiller acad\u00e9mique et professionnel peut vous rencontrer pour discuter des diff\u00e9rentes options qui s&#8217;offrent \u00e0 vous. Veuillez prendre rendez-vous avec notre conseiller au 450-680-3032,&hellip;<\/p>\n","protected":false},"author":1,"featured_media":0,"parent":681,"menu_order":0,"comment_status":"closed","ping_status":"closed","template":"","meta":{"_acf_changed":false,"_relevanssi_hide_post":"","_relevanssi_hide_content":"","_relevanssi_pin_for_all":"","_relevanssi_pin_keywords":"","_relevanssi_unpin_keywords":"","_relevanssi_related_keywords":"","_relevanssi_related_include_ids":"","_relevanssi_related_exclude_ids":"","_relevanssi_related_no_append":"","_relevanssi_related_not_related":"","_relevanssi_related_posts":"","_relevanssi_noindex_reason":"","footnotes":""},"acf":[],"_links":{"self":[{"href":"https:\/\/cdc-pont-viau.swlauriersb.vortexdev.com\/fr\/wp-json\/wp\/v2\/pages\/676"}],"collection":[{"href":"https:\/\/cdc-pont-viau.swlauriersb.vortexdev.com\/fr\/wp-json\/wp\/v2\/pages"}],"about":[{"href":"https:\/\/cdc-pont-viau.swlauriersb.vortexdev.com\/fr\/wp-json\/wp\/v2\/types\/page"}],"author":[{"embeddable":true,"href":"https:\/\/cdc-pont-viau.swlauriersb.vortexdev.com\/fr\/wp-json\/wp\/v2\/users\/1"}],"replies":[{"embeddable":true,"href":"https:\/\/cdc-pont-viau.swlauriersb.vortexdev.com\/fr\/wp-json\/wp\/v2\/comments?post=676"}],"version-history":[{"count":6,"href":"https:\/\/cdc-pont-viau.swlauriersb.vortexdev.com\/fr\/wp-json\/wp\/v2\/pages\/676\/revisions"}],"predecessor-version":[{"id":1888,"href":"https:\/\/cdc-pont-viau.swlauriersb.vortexdev.com\/fr\/wp-json\/wp\/v2\/pages\/676\/revisions\/1888"}],"up":[{"embeddable":true,"href":"https:\/\/cdc-pont-viau.swlauriersb.vortexdev.com\/fr\/wp-json\/wp\/v2\/pages\/681"}],"wp:attachment":[{"href":"https:\/\/cdc-pont-viau.swlauriersb.vortexdev.com\/fr\/wp-json\/wp\/v2\/media?parent=676"}],"curies":[{"name":"wp","href":"https:\/\/api.w.org\/{rel}","templated":true}]}}