{"id":677,"date":"2024-05-24T08:22:24","date_gmt":"2024-05-24T12:22:24","guid":{"rendered":"https:\/\/cdc-pont-viau.swlauriersb.vortexdev.com\/contact\/"},"modified":"2024-09-12T11:54:21","modified_gmt":"2024-09-12T15:54:21","slug":"contact","status":"publish","type":"page","link":"https:\/\/cdc-pont-viau.swlauriersb.vortexdev.com\/fr\/contact\/","title":{"rendered":"Contactez-nous"},"content":{"rendered":"\n<section class=\"contact-info-block theme-block aligndefault\"\n>\n   <div class=\"contact-info-block__columns\">\n\n    <div class=\"contact-info-block__col contact-info-block__col--content\">\n      <h2 class=\"contact-info-block__title\">Coordonn\u00e9es de l&#8217;\u00e9cole<\/h2>\n              <div class=\"address\">\n          <p class=\"widget-title\">Adresse<\/p>\n          <p><p>60 rue Lahaie<\/p>\n<p>Laval, Qu\u00e9bec, H7G 3A8<\/p>\n<\/p>\n                      <p><a href=\"https:\/\/www.google.ca\/maps\/place\/60+Rue+Lahaie,+Laval,+QC+H7G+3A8\/@45.5641904,-73.6844292,17z\/data=!3m1!4b1!4m6!3m5!1s0x4cc92206f2d32f07:0xb89a197105772fe5!8m2!3d45.5641867!4d-73.6818543!16s%2Fg%2F11c24y4vh6?entry=ttu&amp;g_ep=EgoyMDI0MDkxMC4wIKXMDSoASAFQAw%3D%3D\" target=\"_blank\">Google maps<\/a><\/p>\n                  <\/div>\n              <div class=\"social-media\">\n    <p class=\"widget-title\">Restez connect\u00e9<\/p>\n    <div class='social-media-container'>\n              <a href='https:\/\/www.facebook.com\/AEVTatSWLSB\/?locale=fr_CA' class='social-media-button facebook icon-container icon-facebook' target='_blank' title='Visiter notre page Facebook'>\n          <span class='sr-only'>Facebook<\/span>\n        <\/a>\n                <a href='https:\/\/www.facebook.com\/AEVTatSWLSB\/?locale=fr_CA' class='social-media-button facebook icon-container icon-facebook' target='_blank' title='Visiter notre page Facebook'>\n          <span class='sr-only'>Facebook<\/span>\n        <\/a>\n            <\/div>\n  <\/div>\n      <\/div>\n\n        <div class=\"contact-info-block__col contact-info-block__col--form\">\n      <script type=\"text\/javascript\">var gform;gform||(document.addEventListener(\"gform_main_scripts_loaded\",function(){gform.scriptsLoaded=!0}),window.addEventListener(\"DOMContentLoaded\",function(){gform.domLoaded=!0}),gform={domLoaded:!1,scriptsLoaded:!1,initializeOnLoaded:function(o){gform.domLoaded&&gform.scriptsLoaded?o():!gform.domLoaded&&gform.scriptsLoaded?window.addEventListener(\"DOMContentLoaded\",o):document.addEventListener(\"gform_main_scripts_loaded\",o)},hooks:{action:{},filter:{}},addAction:function(o,n,r,t){gform.addHook(\"action\",o,n,r,t)},addFilter:function(o,n,r,t){gform.addHook(\"filter\",o,n,r,t)},doAction:function(o){gform.doHook(\"action\",o,arguments)},applyFilters:function(o){return gform.doHook(\"filter\",o,arguments)},removeAction:function(o,n){gform.removeHook(\"action\",o,n)},removeFilter:function(o,n,r){gform.removeHook(\"filter\",o,n,r)},addHook:function(o,n,r,t,i){null==gform.hooks[o][n]&&(gform.hooks[o][n]=[]);var e=gform.hooks[o][n];null==i&&(i=n+\"_\"+e.length),gform.hooks[o][n].push({tag:i,callable:r,priority:t=null==t?10:t})},doHook:function(n,o,r){var t;if(r=Array.prototype.slice.call(r,1),null!=gform.hooks[n][o]&&((o=gform.hooks[n][o]).sort(function(o,n){return o.priority-n.priority}),o.forEach(function(o){\"function\"!=typeof(t=o.callable)&&(t=window[t]),\"action\"==n?t.apply(null,r):r[0]=t.apply(null,r)})),\"filter\"==n)return r[0]},removeHook:function(o,n,t,i){var r;null!=gform.hooks[o][n]&&(r=(r=gform.hooks[o][n]).filter(function(o,n,r){return!!(null!=i&&i!=o.tag||null!=t&&t!=o.priority)}),gform.hooks[o][n]=r)}});<\/script>\n                <div class='gf_browser_gecko gform_wrapper gravity-theme gform-theme--no-framework' data-form-theme='gravity-theme' data-form-index='0' id='gform_wrapper_2' ><div id='gf_2' class='gform_anchor' tabindex='-1'><\/div><form method='post' enctype='multipart\/form-data' target='gform_ajax_frame_2' id='gform_2'  action='\/fr\/wp-json\/wp\/v2\/pages\/677#gf_2' data-formid='2' novalidate>\n                        <div class='gform-body gform_body'><div id='gform_fields_2' class='gform_fields top_label form_sublabel_below description_below validation_below'><div id=\"field_2_1\" class=\"gfield gfield--type-text gfield--input-type-text gfield_contains_required field_sublabel_below gfield--no-description field_description_below field_validation_below gfield_visibility_visible gfield--text gfield--text\"  data-field-class=\"gfield--text gfield--text\" data-js-reload=\"field_2_1\" ><label class='gfield_label gform-field-label' for='input_2_1'>PR\u00c9NOM<span class=\"gfield_required\"><span class=\"gfield_required gfield_required_text\">(N\u00e9cessaire)<\/span><\/span><\/label><div class='ginput_container ginput_container_text'><input name='input_1' id='input_2_1' type='text' value='' class='large'     aria-required=\"true\" aria-invalid=\"false\"   \/> <\/div><\/div><div id=\"field_2_3\" class=\"gfield gfield--type-text gfield--input-type-text gfield--width-full gfield_contains_required field_sublabel_below gfield--no-description field_description_below field_validation_below gfield_visibility_visible gfield--text gfield--text\"  data-field-class=\"gfield--text gfield--text\" data-js-reload=\"field_2_3\" ><label class='gfield_label gform-field-label' for='input_2_3'>NOM<span class=\"gfield_required\"><span class=\"gfield_required gfield_required_text\">(N\u00e9cessaire)<\/span><\/span><\/label><div class='ginput_container ginput_container_text'><input name='input_3' id='input_2_3' type='text' value='' class='large'     aria-required=\"true\" aria-invalid=\"false\"   \/> <\/div><\/div><div id=\"field_2_5\" class=\"gfield gfield--type-email gfield--input-type-email gfield--width-full gfield_contains_required field_sublabel_below gfield--no-description field_description_below field_validation_below gfield_visibility_visible gfield--email gfield--email\"  data-field-class=\"gfield--email gfield--email\" data-js-reload=\"field_2_5\" ><label class='gfield_label gform-field-label' for='input_2_5'>ADRESSE EMAIL<span class=\"gfield_required\"><span class=\"gfield_required gfield_required_text\">(N\u00e9cessaire)<\/span><\/span><\/label><div class='ginput_container ginput_container_email'>\n                            <input name='input_5' id='input_2_5' type='email' value='' class='large'    aria-required=\"true\" aria-invalid=\"false\"  \/>\n                        <\/div><\/div><div id=\"field_2_6\" class=\"gfield gfield--type-phone gfield--input-type-phone gfield--width-full field_sublabel_below gfield--no-description field_description_below field_validation_below gfield_visibility_visible gfield--phone gfield--phone\"  data-field-class=\"gfield--phone gfield--phone\" data-js-reload=\"field_2_6\" ><label class='gfield_label gform-field-label' for='input_2_6'>NUM\u00c9RO DE T\u00c9L\u00c9PHONE<\/label><div class='ginput_container ginput_container_phone'><input name='input_6' id='input_2_6' type='tel' value='' class='large'    aria-invalid=\"false\"   \/><\/div><\/div><div id=\"field_2_9\" class=\"gfield gfield--type-select gfield--input-type-select gfield--width-full field_sublabel_below gfield--no-description field_description_below field_validation_below gfield_visibility_visible gfield--select gfield--select\"  data-field-class=\"gfield--select gfield--select\" data-js-reload=\"field_2_9\" ><label class='gfield_label gform-field-label' for='input_2_9'>Sujet<\/label><div class='ginput_container ginput_container_select'><select name='input_9' id='input_2_9' class='large gfield_select'     aria-invalid=\"false\" ><option value='Information' >Information<\/option><option value='Inscription \u00e0 nos Quick Trainings' >Inscription \u00e0 nos Quick Trainings<\/option><option value='RAC' >RAC<\/option><option value='Carri\u00e8res' >Carri\u00e8res<\/option><\/select><\/div><\/div><div id=\"field_2_7\" class=\"gfield gfield--type-text gfield--input-type-text gfield--width-full gfield_contains_required field_sublabel_below gfield--no-description field_description_below field_validation_below gfield_visibility_visible gfield--text gfield--text\"  data-field-class=\"gfield--text gfield--text\" data-js-reload=\"field_2_7\" ><label class='gfield_label gform-field-label' for='input_2_7'>MESSAGE<span class=\"gfield_required\"><span class=\"gfield_required gfield_required_text\">(N\u00e9cessaire)<\/span><\/span><\/label><div class='ginput_container ginput_container_text'><input name='input_7' id='input_2_7' type='text' value='' class='large'     aria-required=\"true\" aria-invalid=\"false\"   \/> <\/div><\/div><div id=\"field_2_8\" class=\"gfield gfield--type-captcha gfield--input-type-captcha gfield--width-full field_sublabel_below gfield--no-description field_description_below field_validation_below gfield_visibility_visible gfield--captcha gfield--captcha\"  data-field-class=\"gfield--captcha gfield--captcha\" data-js-reload=\"field_2_8\" ><label class='gfield_label gform-field-label' for='input_2_8'>CAPTCHA<\/label><div id='input_2_8' class='ginput_container ginput_recaptcha' data-sitekey=''  data-theme='light' data-tabindex='0'  data-badge=''><\/div><\/div><\/div><\/div>\n        <div class='gform_footer before'> <button type='submit' id='gform_submit_button_2' class='btn gform_button button' value='Soumettre'  onclick='if(window[\"gf_submitting_2\"]){return false;}  if( !jQuery(\"#gform_2\")[0].checkValidity || jQuery(\"#gform_2\")[0].checkValidity()){window[\"gf_submitting_2\"]=true;}  ' onkeypress='if( event.keyCode == 13 ){ if(window[\"gf_submitting_2\"]){return false;} if( !jQuery(\"#gform_2\")[0].checkValidity || jQuery(\"#gform_2\")[0].checkValidity()){window[\"gf_submitting_2\"]=true;}  jQuery(\"#gform_2\").trigger(\"submit\",[true]); }' >Soumettre<\/button> <input type='hidden' name='gform_ajax' value='form_id=2&amp;title=&amp;description=&amp;tabindex=0&amp;theme=gravity-theme' \/>\n            <input type='hidden' class='gform_hidden' name='is_submit_2' value='1' \/>\n            <input type='hidden' class='gform_hidden' name='gform_submit' value='2' \/>\n            \n            <input type='hidden' class='gform_hidden' name='gform_unique_id' value='' \/>\n            <input type='hidden' class='gform_hidden' name='state_2' value='WyJ7XCI5XCI6W1wiY2IzOGU4MzU3Yzc3ZmE2OTRiOTAwZGI2MTg1OGU1NWVcIixcImU5Mzk0NTU0MWFjYmUzMzZiMjM5ZGNiMTEyYzgxMzdjXCIsXCIxZjgyMjhhMTBhOTcyZWI3ZTdmZmMwNmZhNzFjZDJkNFwiLFwiNzA3NGNhNGY1ZWExZjQ4NmRmMjU1YWJmNDJiNDA1ODNcIl19IiwiZTIxMWY2Yjc5ZWMzMjYwYTkzYzVlNDM2ZmE4ZWVkNzUiXQ==' \/>\n            <input type='hidden' class='gform_hidden' name='gform_target_page_number_2' id='gform_target_page_number_2' value='0' \/>\n            <input type='hidden' class='gform_hidden' name='gform_source_page_number_2' id='gform_source_page_number_2' value='1' \/>\n            <input type='hidden' name='gform_field_values' value='' \/>\n            \n        <\/div>\n                        <p style=\"display: none !important;\" class=\"akismet-fields-container\" data-prefix=\"ak_\"><label>&#916;<textarea name=\"ak_hp_textarea\" cols=\"45\" rows=\"8\" maxlength=\"100\"><\/textarea><\/label><input type=\"hidden\" id=\"ak_js_1\" name=\"ak_js\" value=\"101\"\/><script>document.getElementById( \"ak_js_1\" ).setAttribute( \"value\", ( new Date() ).getTime() );<\/script><\/p><\/form>\n                        <\/div>\n\t\t                <iframe style='display:none;width:0px;height:0px;' src='about:blank' name='gform_ajax_frame_2' id='gform_ajax_frame_2' title='Cette iframe contient la logique n\u00e9cessaire pour manipuler Gravity Forms avec AJAX'><\/iframe>\n\t\t                <script type=\"text\/javascript\">\n\/* <![CDATA[ *\/\ndocument.addEventListener( \"DOMContentLoaded\", function() {  gform.initializeOnLoaded( function() {gformInitSpinner( 2, 'https:\/\/cdc-pont-viau.swlauriersb.vortexdev.com\/wp-content\/plugins\/gravityforms\/images\/spinner.svg', true );jQuery('#gform_ajax_frame_2').on('load',function(){var contents = jQuery(this).contents().find('*').html();var is_postback = contents.indexOf('GF_AJAX_POSTBACK') >= 0;if(!is_postback){return;}var form_content = jQuery(this).contents().find('#gform_wrapper_2');var is_confirmation = jQuery(this).contents().find('#gform_confirmation_wrapper_2').length > 0;var is_redirect = contents.indexOf('gformRedirect(){') >= 0;var is_form = form_content.length > 0 && ! is_redirect && ! is_confirmation;var mt = parseInt(jQuery('html').css('margin-top'), 10) + parseInt(jQuery('body').css('margin-top'), 10) + 100;if(is_form){jQuery('#gform_wrapper_2').html(form_content.html());if(form_content.hasClass('gform_validation_error')){jQuery('#gform_wrapper_2').addClass('gform_validation_error');} else {jQuery('#gform_wrapper_2').removeClass('gform_validation_error');}setTimeout( function() { \/* delay the scroll by 50 milliseconds to fix a bug in chrome *\/ jQuery(document).scrollTop(jQuery('#gform_wrapper_2').offset().top - mt); }, 50 );if(window['gformInitDatepicker']) {gformInitDatepicker();}if(window['gformInitPriceFields']) {gformInitPriceFields();}var current_page = jQuery('#gform_source_page_number_2').val();gformInitSpinner( 2, 'https:\/\/cdc-pont-viau.swlauriersb.vortexdev.com\/wp-content\/plugins\/gravityforms\/images\/spinner.svg', true );jQuery(document).trigger('gform_page_loaded', [2, current_page]);window['gf_submitting_2'] = false;}else if(!is_redirect){var confirmation_content = jQuery(this).contents().find('.GF_AJAX_POSTBACK').html();if(!confirmation_content){confirmation_content = contents;}jQuery('#gform_wrapper_2').replaceWith(confirmation_content);jQuery(document).scrollTop(jQuery('#gf_2').offset().top - mt);jQuery(document).trigger('gform_confirmation_loaded', [2]);window['gf_submitting_2'] = false;wp.a11y.speak(jQuery('#gform_confirmation_message_2').text());}else{jQuery('#gform_2').append(contents);if(window['gformRedirect']) {gformRedirect();}}jQuery(document).trigger(\"gform_pre_post_render\", [{ formId: \"2\", currentPage: \"current_page\", abort: function() { this.preventDefault(); } }]);                if (event && event.defaultPrevented) {                return;         }        const gformWrapperDiv = document.getElementById( \"gform_wrapper_2\" );        if ( gformWrapperDiv ) {            const visibilitySpan = document.createElement( \"span\" );            visibilitySpan.id = \"gform_visibility_test_2\";            gformWrapperDiv.insertAdjacentElement( \"afterend\", visibilitySpan );        }        const visibilityTestDiv = document.getElementById( \"gform_visibility_test_2\" );        let postRenderFired = false;                function triggerPostRender() {            if ( postRenderFired ) {                return;            }            postRenderFired = true;            jQuery( document ).trigger( 'gform_post_render', [2, current_page] );            gform.utils.trigger( { event: 'gform\/postRender', native: false, data: { formId: 2, currentPage: current_page } } );            if ( visibilityTestDiv ) {                visibilityTestDiv.parentNode.removeChild( visibilityTestDiv );            }        }        function debounce( func, wait, immediate ) {            var timeout;            return function() {                var context = this, args = arguments;                var later = function() {                    timeout = null;                    if ( !immediate ) func.apply( context, args );                };                var callNow = immediate && !timeout;                clearTimeout( timeout );                timeout = setTimeout( later, wait );                if ( callNow ) func.apply( context, args );            };        }        const debouncedTriggerPostRender = debounce( function() {            triggerPostRender();        }, 200 );        if ( visibilityTestDiv && visibilityTestDiv.offsetParent === null ) {            const observer = new MutationObserver( ( mutations ) => {                mutations.forEach( ( mutation ) => {                    if ( mutation.type === 'attributes' && visibilityTestDiv.offsetParent !== null ) {                        debouncedTriggerPostRender();                        observer.disconnect();                    }                });            });            observer.observe( document.body, {                attributes: true,                childList: false,                subtree: true,                attributeFilter: [ 'style', 'class' ],            });        } else {            triggerPostRender();        }    } );} );  }, false );\n\/* ]]> *\/\n<\/script>\n    <\/div>\n    \n   <\/div>\n<\/section>\n\n\n\n<div class=\"wp-block-media-text is-stacked-on-mobile\"><figure class=\"wp-block-media-text__media\"><img loading=\"lazy\" decoding=\"async\" width=\"1024\" height=\"768\" src=\"https:\/\/cdc-pont-viau.swlauriersb.vortexdev.com\/wp-content\/uploads\/sites\/43\/2024\/06\/cdc-pont-viau-building-1-1-1024x768.jpg\" alt=\"\" class=\"wp-image-1061 size-full\" srcset=\"https:\/\/cdc-pont-viau.swlauriersb.vortexdev.com\/wp-content\/uploads\/sites\/43\/2024\/06\/cdc-pont-viau-building-1-1-1024x768.jpg 1024w, https:\/\/cdc-pont-viau.swlauriersb.vortexdev.com\/wp-content\/uploads\/sites\/43\/2024\/06\/cdc-pont-viau-building-1-1-300x225.jpg 300w, https:\/\/cdc-pont-viau.swlauriersb.vortexdev.com\/wp-content\/uploads\/sites\/43\/2024\/06\/cdc-pont-viau-building-1-1-768x576.jpg 768w, https:\/\/cdc-pont-viau.swlauriersb.vortexdev.com\/wp-content\/uploads\/sites\/43\/2024\/06\/cdc-pont-viau-building-1-1-1536x1152.jpg 1536w, https:\/\/cdc-pont-viau.swlauriersb.vortexdev.com\/wp-content\/uploads\/sites\/43\/2024\/06\/cdc-pont-viau-building-1-1-2048x1536.jpg 2048w\" sizes=\"(max-width: 1024px) 100vw, 1024px\" \/><\/figure><div class=\"wp-block-media-text__content\">\n<p>CDC PONT-VIAU<\/p>\n\n\n\n<p>60 Rue Lahaie Laval, Quebec, Canada H7G 3A8<\/p>\n\n\n\n<p>450-680-3032 \/ Ext.4100<\/p>\n\n\n\n<p><\/p>\n<\/div><\/div>\n\n\n\n<h2 class=\"wp-block-heading\"><\/h2>\n","protected":false},"excerpt":{"rendered":"<p>CDC PONT-VIAU 60 Rue Lahaie Laval, Quebec, Canada H7G 3A8 450-680-3032 \/ Ext.4100<\/p>\n","protected":false},"author":1,"featured_media":1811,"parent":0,"menu_order":0,"comment_status":"closed","ping_status":"closed","template":"","meta":{"_acf_changed":false,"_relevanssi_hide_post":"","_relevanssi_hide_content":"","_relevanssi_pin_for_all":"","_relevanssi_pin_keywords":"","_relevanssi_unpin_keywords":"","_relevanssi_related_keywords":"","_relevanssi_related_include_ids":"","_relevanssi_related_exclude_ids":"","_relevanssi_related_no_append":"","_relevanssi_related_not_related":"","_relevanssi_related_posts":"","_relevanssi_noindex_reason":"","footnotes":""},"acf":[],"_links":{"self":[{"href":"https:\/\/cdc-pont-viau.swlauriersb.vortexdev.com\/fr\/wp-json\/wp\/v2\/pages\/677"}],"collection":[{"href":"https:\/\/cdc-pont-viau.swlauriersb.vortexdev.com\/fr\/wp-json\/wp\/v2\/pages"}],"about":[{"href":"https:\/\/cdc-pont-viau.swlauriersb.vortexdev.com\/fr\/wp-json\/wp\/v2\/types\/page"}],"author":[{"embeddable":true,"href":"https:\/\/cdc-pont-viau.swlauriersb.vortexdev.com\/fr\/wp-json\/wp\/v2\/users\/1"}],"replies":[{"embeddable":true,"href":"https:\/\/cdc-pont-viau.swlauriersb.vortexdev.com\/fr\/wp-json\/wp\/v2\/comments?post=677"}],"version-history":[{"count":8,"href":"https:\/\/cdc-pont-viau.swlauriersb.vortexdev.com\/fr\/wp-json\/wp\/v2\/pages\/677\/revisions"}],"predecessor-version":[{"id":1865,"href":"https:\/\/cdc-pont-viau.swlauriersb.vortexdev.com\/fr\/wp-json\/wp\/v2\/pages\/677\/revisions\/1865"}],"wp:featuredmedia":[{"embeddable":true,"href":"https:\/\/cdc-pont-viau.swlauriersb.vortexdev.com\/fr\/wp-json\/wp\/v2\/media\/1811"}],"wp:attachment":[{"href":"https:\/\/cdc-pont-viau.swlauriersb.vortexdev.com\/fr\/wp-json\/wp\/v2\/media?parent=677"}],"curies":[{"name":"wp","href":"https:\/\/api.w.org\/{rel}","templated":true}]}}