{"id":679,"date":"2024-05-24T08:21:44","date_gmt":"2024-05-24T12:21:44","guid":{"rendered":"https:\/\/cdc-pont-viau.swlauriersb.vortexdev.com\/ressources\/"},"modified":"2024-09-13T09:08:32","modified_gmt":"2024-09-13T13:08:32","slug":"ressources","status":"publish","type":"page","link":"https:\/\/cdc-pont-viau.swlauriersb.vortexdev.com\/fr\/ressources\/","title":{"rendered":"Ressources"},"content":{"rendered":"\n<p>En plus des programmes de formation professionnelle, le SWLSB propose des formations pour adultes et l&#8217;acc\u00e8s \u00e0 de nombreuses ressources acad\u00e9miques.<\/p>\n\n\n\n<h2 class=\"wp-block-heading\">SWLSB \u00c9ducation des adultes<\/h2>\n\n\n\n<div class=\"wp-block-media-text is-stacked-on-mobile is-vertically-aligned-top\"><figure class=\"wp-block-media-text__media\"><img loading=\"lazy\" decoding=\"async\" width=\"1024\" height=\"987\" src=\"https:\/\/cdc-pont-viau.swlauriersb.vortexdev.com\/wp-content\/uploads\/sites\/43\/2024\/08\/cdc-vimont-1-1024x987.jpg\" alt=\"\" class=\"wp-image-1627 size-full\" srcset=\"https:\/\/cdc-pont-viau.swlauriersb.vortexdev.com\/wp-content\/uploads\/sites\/43\/2024\/08\/cdc-vimont-1-1024x987.jpg 1024w, https:\/\/cdc-pont-viau.swlauriersb.vortexdev.com\/wp-content\/uploads\/sites\/43\/2024\/08\/cdc-vimont-1-300x289.jpg 300w, https:\/\/cdc-pont-viau.swlauriersb.vortexdev.com\/wp-content\/uploads\/sites\/43\/2024\/08\/cdc-vimont-1-768x740.jpg 768w, https:\/\/cdc-pont-viau.swlauriersb.vortexdev.com\/wp-content\/uploads\/sites\/43\/2024\/08\/cdc-vimont-1.jpg 1536w\" sizes=\"(max-width: 1024px) 100vw, 1024px\" \/><\/figure><div class=\"wp-block-media-text__content\">\n<p><strong>CDC Vimont<\/strong> (Laval) &amp; <strong>CDC Lachute<\/strong> (Laurentides)<\/p>\n\n\n\n<ul>\n<li>Dipl\u00f4me d&#8217;\u00e9tudes secondaires du Qu\u00e9bec<\/li>\n\n\n\n<li>Pr\u00e9-requis pour la formation professionnelle<\/li>\n\n\n\n<li>\u00c9tudes postsecondaires au c\u00e9gep<\/li>\n\n\n\n<li>Cours de francisation pour faciliter votre int\u00e9gration \u00e0 la soci\u00e9t\u00e9 qu\u00e9b\u00e9coise<\/li>\n\n\n\n<li>Cours d&#8217;anglais de niveau \u00e9l\u00e9mentaire \u00e0 interm\u00e9diaire pour tous<\/li>\n\n\n\n<li>Services d&#8217;int\u00e9gration sociale (SIS) pour les adultes ayant des besoins particuliers<\/li>\n<\/ul>\n\n\n\n<div class=\"wp-block-columns is-layout-flex wp-container-core-columns-is-layout-1 wp-block-columns-is-layout-flex\">\n<div class=\"wp-block-column is-layout-flow wp-block-column-is-layout-flow\">\n<p><sub>2100, boul. des Laurentides<br>Laval (Qc) H7M 2Y6<br>Tel : 450.688.2933 ext. 3105 or 1 877.688.2933<br>infovimont@swlauriersb.qc.ca<\/sub><\/p>\n<\/div>\n\n\n\n<div class=\"wp-block-column is-layout-flow wp-block-column-is-layout-flow\">\n<p><sub>57, rue Harriet<br>Lachute (Qc) J8H 4H6<br>Tel : 450.562.3721<br>infolachute@swlauriersb.qc.ca<\/sub><\/p>\n<\/div>\n<\/div>\n\n\n\n<p><\/p>\n<\/div><\/div>\n\n\n\n<div class=\"wp-block-media-text has-media-on-the-right is-stacked-on-mobile\"><div class=\"wp-block-media-text__content\">\n<h2 class=\"wp-block-heading\"><a href=\"https:\/\/www.quebec.ca\/fr\/education\/student-financial-assistance\">Aide financi\u00e8re aux \u00e9tudiants<\/a><\/h2>\n\n\n\n<p>Tout ce qu&#8217;il faut savoir pour obtenir de <strong>l&#8217;aide financi\u00e8re <\/strong>au Qu\u00e9bec.<\/p>\n\n\n\n<h2 class=\"wp-block-heading\"><a href=\"https:\/\/www.quebec.ca\/education\/formation-professionnelle-education-adultes\/la-formation-professionnelle\" data-type=\"link\" data-id=\"https:\/\/www.quebec.ca\/fr\/education\/vocational-training-adult-education\/vocational-training\">La formation professionnelle<\/a><\/h2>\n\n\n\n<p>Tout ce qu&#8217;il faut savoir sur la formation professionnelle et les services de <strong>soutien et d&#8217;orientation o<\/strong>fferts aux \u00e9tudiants au Qu\u00e9bec.<\/p>\n\n\n\n<h2 class=\"wp-block-heading\"><a href=\"https:\/\/www.inforoutefpt.org\/?langue=fr\">Inforoutefp<\/a><\/h2>\n\n\n\n<p>Tout ce que vous devez savoir sur les <strong>programmes <\/strong>d&#8217;\u00e9tudes professionnelles et coll\u00e9giales, y compris l&#8217;employabilit\u00e9 et les ressources au Qu\u00e9bec.<\/p>\n\n\n\n<h2 class=\"wp-block-heading\"><a href=\"https:\/\/www.admissionfp.com\/organismes-scolaires\/cfp\/851460\/groupes\">Admissionfp<\/a><\/h2>\n\n\n\n<p>Tout ce qu&#8217;il faut savoir pour <strong>s&#8217;inscrire <\/strong>\u00e0 un programme au Qu\u00e9bec.<\/p>\n\n\n\n<h2 class=\"wp-block-heading\"><a href=\"https:\/\/infoapprendre.org\/en\/\">Info Apprendre \/ Adult <\/a><a href=\"https:\/\/infoapprendre.org\/\">Learnline<\/a><\/h2>\n\n\n\n<p>Tout ce que vous devez savoir pour <strong>naviguer<\/strong> dans le syst\u00e8me \u00e9ducatif qu\u00e9b\u00e9cois.<\/p>\n\n\n\n<h2 class=\"wp-block-heading\"><a href=\"https:\/\/www.canada.ca\/fr\/immigration-refugies-citoyennete\/services\/etudier-canada\/permis-etudes\/presenter-demande.html\">Permis d&#8217;etudes <\/a><\/h2>\n\n\n\n<p>Tout ce qu&#8217;il faut savoir sur la <strong>demande de permis d&#8217;\u00e9tudes<\/strong> f\u00e9d\u00e9ral.<\/p>\n<\/div><figure class=\"wp-block-media-text__media\"><img loading=\"lazy\" decoding=\"async\" width=\"684\" height=\"1024\" src=\"https:\/\/cdc-pont-viau.swlauriersb.vortexdev.com\/wp-content\/uploads\/sites\/43\/2024\/09\/FAQ-684x1024.jpg\" alt=\"\" class=\"wp-image-1793 size-full\" srcset=\"https:\/\/cdc-pont-viau.swlauriersb.vortexdev.com\/wp-content\/uploads\/sites\/43\/2024\/09\/FAQ-684x1024.jpg 684w, https:\/\/cdc-pont-viau.swlauriersb.vortexdev.com\/wp-content\/uploads\/sites\/43\/2024\/09\/FAQ-200x300.jpg 200w, https:\/\/cdc-pont-viau.swlauriersb.vortexdev.com\/wp-content\/uploads\/sites\/43\/2024\/09\/FAQ-768x1150.jpg 768w, https:\/\/cdc-pont-viau.swlauriersb.vortexdev.com\/wp-content\/uploads\/sites\/43\/2024\/09\/FAQ-1025x1536.jpg 1025w, https:\/\/cdc-pont-viau.swlauriersb.vortexdev.com\/wp-content\/uploads\/sites\/43\/2024\/09\/FAQ-1367x2048.jpg 1367w, https:\/\/cdc-pont-viau.swlauriersb.vortexdev.com\/wp-content\/uploads\/sites\/43\/2024\/09\/FAQ-scaled.jpg 1709w\" sizes=\"(max-width: 684px) 100vw, 684px\" \/><\/figure><\/div>\n\n\n\n<h2 class=\"wp-block-heading\"><\/h2>\n\n\n\n<div class=\"wp-block-buttons is-content-justification-center is-layout-flex wp-container-core-buttons-is-layout-1 wp-block-buttons-is-layout-flex\">\n<div class=\"wp-block-button\"><a class=\"wp-block-button__link has-text-align-center wp-element-button\" href=\"https:\/\/mytruenorth.ca\/appindex.php?db=sirwilfridlaurier\">Apply here <i class=\"icon-arrow-left\"><\/i><\/a><\/div>\n<\/div>\n","protected":false},"excerpt":{"rendered":"<p>En plus des programmes de formation professionnelle, le SWLSB propose des formations pour adultes et l&#8217;acc\u00e8s \u00e0 de nombreuses ressources acad\u00e9miques. SWLSB \u00c9ducation des adultes Aide financi\u00e8re aux \u00e9tudiants Tout ce qu&#8217;il faut savoir pour obtenir de l&#8217;aide financi\u00e8re au Qu\u00e9bec. La formation professionnelle Tout ce qu&#8217;il faut savoir sur la formation professionnelle et les&hellip;<\/p>\n","protected":false},"author":1,"featured_media":0,"parent":0,"menu_order":0,"comment_status":"closed","ping_status":"closed","template":"","meta":{"_acf_changed":false,"_relevanssi_hide_post":"","_relevanssi_hide_content":"","_relevanssi_pin_for_all":"","_relevanssi_pin_keywords":"","_relevanssi_unpin_keywords":"","_relevanssi_related_keywords":"","_relevanssi_related_include_ids":"","_relevanssi_related_exclude_ids":"","_relevanssi_related_no_append":"","_relevanssi_related_not_related":"","_relevanssi_related_posts":"","_relevanssi_noindex_reason":"","footnotes":""},"acf":[],"_links":{"self":[{"href":"https:\/\/cdc-pont-viau.swlauriersb.vortexdev.com\/fr\/wp-json\/wp\/v2\/pages\/679"}],"collection":[{"href":"https:\/\/cdc-pont-viau.swlauriersb.vortexdev.com\/fr\/wp-json\/wp\/v2\/pages"}],"about":[{"href":"https:\/\/cdc-pont-viau.swlauriersb.vortexdev.com\/fr\/wp-json\/wp\/v2\/types\/page"}],"author":[{"embeddable":true,"href":"https:\/\/cdc-pont-viau.swlauriersb.vortexdev.com\/fr\/wp-json\/wp\/v2\/users\/1"}],"replies":[{"embeddable":true,"href":"https:\/\/cdc-pont-viau.swlauriersb.vortexdev.com\/fr\/wp-json\/wp\/v2\/comments?post=679"}],"version-history":[{"count":7,"href":"https:\/\/cdc-pont-viau.swlauriersb.vortexdev.com\/fr\/wp-json\/wp\/v2\/pages\/679\/revisions"}],"predecessor-version":[{"id":1895,"href":"https:\/\/cdc-pont-viau.swlauriersb.vortexdev.com\/fr\/wp-json\/wp\/v2\/pages\/679\/revisions\/1895"}],"wp:attachment":[{"href":"https:\/\/cdc-pont-viau.swlauriersb.vortexdev.com\/fr\/wp-json\/wp\/v2\/media?parent=679"}],"curies":[{"name":"wp","href":"https:\/\/api.w.org\/{rel}","templated":true}]}}