{"id":681,"date":"2024-05-23T16:31:30","date_gmt":"2024-05-23T20:31:30","guid":{"rendered":"https:\/\/cdc-pont-viau.swlauriersb.vortexdev.com\/other-services-offered\/"},"modified":"2024-09-12T15:07:08","modified_gmt":"2024-09-12T19:07:08","slug":"other-services-offered","status":"publish","type":"page","link":"https:\/\/cdc-pont-viau.swlauriersb.vortexdev.com\/fr\/other-services-offered\/","title":{"rendered":"Formations rapides"},"content":{"rendered":"\n<div class=\"block-accordions-group theme-block theme-block--innerblock aligndefault\">\n    <span class=\"theme-block__label\">Accord\u00e9ons<\/span>\n  \n    \n<div class=\"block-accordion  theme-block theme-block--innerblock aligndefault\">\n    <span class=\"theme-block__label\">Accord\u00e9on<\/span>\n    <h3 class=\"block-accordion__title\">Plus d&#039;information<\/h3>\n    \n\n<p>Nous proposons des sessions de formation rapide au public en fonction de la demande. Ces sessions, dispens\u00e9es par des professionnels de l&#8217;industrie, ont g\u00e9n\u00e9ralement lieu le soir ou le week-end. En outre, nous pouvons personnaliser nos programmes de formation pour r\u00e9pondre aux besoins sp\u00e9cifiques de nos \u00e9tudiants et du grand public. Les formations peuvent \u00eatre dispens\u00e9es en ligne, en personne ou dans vos locaux. Si vous avez besoin d&#8217;une formation, veuillez contacter notre agente de d\u00e9veloppement de projets au 450-680-3032, poste 4136.<\/p>\n\n\n<\/div>\n\n                    \n\n\n<\/div>\n","protected":false},"excerpt":{"rendered":"","protected":false},"author":1,"featured_media":0,"parent":0,"menu_order":0,"comment_status":"closed","ping_status":"closed","template":"template-programs.php","meta":{"_acf_changed":false,"_relevanssi_hide_post":"","_relevanssi_hide_content":"","_relevanssi_pin_for_all":"","_relevanssi_pin_keywords":"","_relevanssi_unpin_keywords":"","_relevanssi_related_keywords":"","_relevanssi_related_include_ids":"","_relevanssi_related_exclude_ids":"","_relevanssi_related_no_append":"","_relevanssi_related_not_related":"","_relevanssi_related_posts":"","_relevanssi_noindex_reason":"","footnotes":""},"acf":[],"_links":{"self":[{"href":"https:\/\/cdc-pont-viau.swlauriersb.vortexdev.com\/fr\/wp-json\/wp\/v2\/pages\/681"}],"collection":[{"href":"https:\/\/cdc-pont-viau.swlauriersb.vortexdev.com\/fr\/wp-json\/wp\/v2\/pages"}],"about":[{"href":"https:\/\/cdc-pont-viau.swlauriersb.vortexdev.com\/fr\/wp-json\/wp\/v2\/types\/page"}],"author":[{"embeddable":true,"href":"https:\/\/cdc-pont-viau.swlauriersb.vortexdev.com\/fr\/wp-json\/wp\/v2\/users\/1"}],"replies":[{"embeddable":true,"href":"https:\/\/cdc-pont-viau.swlauriersb.vortexdev.com\/fr\/wp-json\/wp\/v2\/comments?post=681"}],"version-history":[{"count":7,"href":"https:\/\/cdc-pont-viau.swlauriersb.vortexdev.com\/fr\/wp-json\/wp\/v2\/pages\/681\/revisions"}],"predecessor-version":[{"id":1885,"href":"https:\/\/cdc-pont-viau.swlauriersb.vortexdev.com\/fr\/wp-json\/wp\/v2\/pages\/681\/revisions\/1885"}],"wp:attachment":[{"href":"https:\/\/cdc-pont-viau.swlauriersb.vortexdev.com\/fr\/wp-json\/wp\/v2\/media?parent=681"}],"curies":[{"name":"wp","href":"https:\/\/api.w.org\/{rel}","templated":true}]}}