{"id":682,"date":"2024-05-23T16:31:02","date_gmt":"2024-05-23T20:31:02","guid":{"rendered":"https:\/\/cdc-pont-viau.swlauriersb.vortexdev.com\/admission\/"},"modified":"2024-09-12T11:48:14","modified_gmt":"2024-09-12T15:48:14","slug":"admission","status":"publish","type":"page","link":"https:\/\/cdc-pont-viau.swlauriersb.vortexdev.com\/fr\/admission\/","title":{"rendered":"Admission"},"content":{"rendered":"\n<p>Veuillez v\u00e9rifier les conditions d&#8217;admission et les pr\u00e9requis sp\u00e9cifiques \u00e0 chaque programme avant de poser votre candidature. Pour en savoir plus, cliquez sur Inforoute.<\/p>\n\n\n\n<div class=\"wp-block-buttons is-layout-flex wp-block-buttons-is-layout-flex\">\n<div class=\"wp-block-button\"><a class=\"wp-block-button__link wp-element-button\" href=\"https:\/\/www.inforoutefpt.org\/info-fpt\/page-1\">Inforoute \/Conditions d&#8217;admission et pr\u00e9requis<i class=\"icon-arrow-left\"><\/i><\/a><\/div>\n<\/div>\n\n\n\n<ul>\n<li>Vous pouvez vous inscrire en ligne sur AdmissionFP, mais vous DEVEZ VENIR EN PERSONNE POUR VOUS INSCRIRE.<\/li>\n\n\n\n<li>Vous aurez besoin d&#8217;un code permanent du Qu\u00e9bec pour postuler en ligne sur le site AdmissionFP.<\/li>\n\n\n\n<li>Si vous n&#8217;avez pas de code permanent du Qu\u00e9bec, veuillez cliquer ici pour obtenir un code temporaire : <a href=\"https:\/\/www.admissionfp.com\/code-temporaire?langue=en\">Permanent Code<\/a><\/li>\n\n\n\n<li>Les candidats doivent apporter les documents ORIGINAUX au Centre pour \u00eatre officiellement enregistr\u00e9s.<\/li>\n<\/ul>\n\n\n\n<div class=\"wp-block-buttons is-layout-flex wp-block-buttons-is-layout-flex\">\n<div class=\"wp-block-button\"><a class=\"wp-block-button__link wp-element-button\" href=\"https:\/\/www.admissionfp.com\/organismes-scolaires\/cfp\/885401\/groupes\">Admission FP \/ Application <i class=\"icon-arrow-left\"><\/i><\/a><\/div>\n<\/div>\n\n\n\n<div class=\"block-accordions-group theme-block theme-block--innerblock aligndefault\">\n    <span class=\"theme-block__label\">Accord\u00e9ons<\/span>\n  \n    \n<div class=\"block-accordion  theme-block theme-block--innerblock aligndefault\">\n    <span class=\"theme-block__label\">Accord\u00e9on<\/span>\n    <h3 class=\"block-accordion__title\">Informations sur l&#039;inscription<\/h3>\n    \n\n<h2 class=\"wp-block-heading\" id=\"block-cd7ce5ca-f0e3-4923-826b-189ca39d0a92\">Documents requis pour l&#8217;inscription<\/h2>\n\n\n\n<p>*Vous devez venir EN PERSONNE pour apporter vos documents et vous inscrire officiellement.<\/p>\n\n\n\n<h4 class=\"wp-block-heading\" id=\"block-73fb8be5-d6ff-4b6a-8dca-191913fa00d3\">Si vous \u00eates n\u00e9 au Canada mais hors du Qu\u00e9bec<\/h4>\n\n\n\n<ul id=\"block-007d99bb-e524-4dcc-8455-272e6b5baac0\">\n<li>Acte de naissance, version longue avec le nom des parents<\/li>\n\n\n\n<li>Dipl\u00f4me de fin d&#8217;\u00e9tudes secondaires ou relev\u00e9 de notes<\/li>\n\n\n\n<li>Carte d&#8217;assurance-maladie ou permis de conduire<\/li>\n<\/ul>\n\n\n\n<h4 class=\"wp-block-heading\" id=\"block-29073646-e206-407c-b51a-d077be305dbc\">If you were born in Canada but outside of Quebec<\/h4>\n\n\n\n<ul id=\"block-252d0715-ade1-44b6-9ee3-2e547f95cdd5\">\n<li>Certificat de naissance, version longue portant le nom de vos parents<\/li>\n\n\n\n<li>3 ann\u00e9es cons\u00e9cutives de formulaires d&#8217;avis de cotisation ou de formulaires de taxes municipales (prouvant que vous avez v\u00e9cu au Qu\u00e9bec pendant plus de 3 ans)<\/li>\n\n\n\n<li>Dipl\u00f4me d&#8217;\u00e9tudes secondaires ET relev\u00e9 de notes<\/li>\n\n\n\n<li>Carte d&#8217;assurance-maladie ou permis de conduire<\/li>\n<\/ul>\n\n\n\n<h4 class=\"wp-block-heading\" id=\"block-3e1ca98b-eb02-4ccd-a77b-909079402749\">Si vous \u00eates citoyen canadien ou r\u00e9sident permanent<\/h4>\n\n\n\n<ul id=\"block-b17109bd-91ac-476f-b918-a1a88d080282\">\n<li>Carte\/certificat de citoyen canadien ou carte de r\u00e9sident permanent<\/li>\n\n\n\n<li>CSQ (certificat de s\u00e9lection du Qu\u00e9bec) ou 3 ann\u00e9es cons\u00e9cutives d&#8217;avis d&#8217;imposition ou de formulaires d&#8217;imp\u00f4ts municipaux (prouvant que vous avez v\u00e9cu au Qu\u00e9bec pendant plus de 3 ans)<\/li>\n\n\n\n<li>Dipl\u00f4me d&#8217;\u00e9tudes secondaires ou preuve d&#8217;\u00e9quivalence<\/li>\n\n\n\n<li>Carte d&#8217;assurance-maladie ou permis de conduire<\/li>\n<\/ul>\n\n\n\n<h4 class=\"wp-block-heading\" id=\"block-8719a24f-e05f-4820-b5f3-9600208c04f2\">Si vous \u00eates un r\u00e9fugi\u00e9 ou une personne prot\u00e9g\u00e9e<\/h4>\n\n\n\n<ul id=\"block-cab6ff8d-0e56-498d-af6e-7cae8b9a72a8\">\n<li>Document de demandeur d&#8217;asile<\/li>\n\n\n\n<li>CSQ (certificat de s\u00e9lection du Qu\u00e9bec) avec un code R8<\/li>\n\n\n\n<li>Permis d&#8217;\u00e9tudes<\/li>\n\n\n\n<li>Dipl\u00f4me d&#8217;\u00e9tudes secondaires ou preuve d&#8217;\u00e9quivalence<\/li>\n\n\n\n<li>Carte d&#8217;assurance-maladie ou permis de conduire<\/li>\n<\/ul>\n\n\n\n<p class=\"has-text-align-center\" id=\"block-c084ae6c-8742-4d49-a196-2b9a29eaddcf\"><strong>Le bureau d&#8217;inscription est ouvert du lundi au vendredi de 8h \u00e0 15h.<\/strong><\/p>\n\n\n\n<p class=\"has-text-align-center\"><strong>CDC PONT-VIAU<\/strong><br>60, Lahaie Street<br>Laval (Qc) H7G 3A8<\/p>\n\n\n\n<p class=\"has-text-align-center\">450-680-3032 ext.4100<\/p>\n\n\n<\/div>\n\n                    \n\n\n<\/div>\n","protected":false},"excerpt":{"rendered":"<p>Veuillez v\u00e9rifier les conditions d&#8217;admission et les pr\u00e9requis sp\u00e9cifiques \u00e0 chaque programme avant de poser votre candidature. Pour en savoir plus, cliquez sur Inforoute.<\/p>\n","protected":false},"author":1,"featured_media":0,"parent":0,"menu_order":0,"comment_status":"closed","ping_status":"closed","template":"","meta":{"_acf_changed":false,"_relevanssi_hide_post":"","_relevanssi_hide_content":"","_relevanssi_pin_for_all":"","_relevanssi_pin_keywords":"","_relevanssi_unpin_keywords":"","_relevanssi_related_keywords":"","_relevanssi_related_include_ids":"","_relevanssi_related_exclude_ids":"","_relevanssi_related_no_append":"","_relevanssi_related_not_related":"","_relevanssi_related_posts":"","_relevanssi_noindex_reason":"","footnotes":""},"acf":[],"_links":{"self":[{"href":"https:\/\/cdc-pont-viau.swlauriersb.vortexdev.com\/fr\/wp-json\/wp\/v2\/pages\/682"}],"collection":[{"href":"https:\/\/cdc-pont-viau.swlauriersb.vortexdev.com\/fr\/wp-json\/wp\/v2\/pages"}],"about":[{"href":"https:\/\/cdc-pont-viau.swlauriersb.vortexdev.com\/fr\/wp-json\/wp\/v2\/types\/page"}],"author":[{"embeddable":true,"href":"https:\/\/cdc-pont-viau.swlauriersb.vortexdev.com\/fr\/wp-json\/wp\/v2\/users\/1"}],"replies":[{"embeddable":true,"href":"https:\/\/cdc-pont-viau.swlauriersb.vortexdev.com\/fr\/wp-json\/wp\/v2\/comments?post=682"}],"version-history":[{"count":7,"href":"https:\/\/cdc-pont-viau.swlauriersb.vortexdev.com\/fr\/wp-json\/wp\/v2\/pages\/682\/revisions"}],"predecessor-version":[{"id":1862,"href":"https:\/\/cdc-pont-viau.swlauriersb.vortexdev.com\/fr\/wp-json\/wp\/v2\/pages\/682\/revisions\/1862"}],"wp:attachment":[{"href":"https:\/\/cdc-pont-viau.swlauriersb.vortexdev.com\/fr\/wp-json\/wp\/v2\/media?parent=682"}],"curies":[{"name":"wp","href":"https:\/\/api.w.org\/{rel}","templated":true}]}}