{"id":686,"date":"2024-05-23T16:27:06","date_gmt":"2024-05-23T20:27:06","guid":{"rendered":"https:\/\/cdc-pont-viau.swlauriersb.vortexdev.com\/student-life\/"},"modified":"2024-09-12T11:06:50","modified_gmt":"2024-09-12T15:06:50","slug":"student-life","status":"publish","type":"page","link":"https:\/\/cdc-pont-viau.swlauriersb.vortexdev.com\/fr\/home\/student-life\/","title":{"rendered":"Services aux \u00e9tudiants"},"content":{"rendered":"\n<p>Dans notre centre, notre objectif est de faire en sorte que chaque \u00e9l\u00e8ve se sente valoris\u00e9. Nous reconnaissons le caract\u00e8re unique de chaque \u00e9l\u00e8ve et personnalisons notre approche afin de nous assurer qu&#8217;ils disposent de tous les outils n\u00e9cessaires pour atteindre leur plein potentiel.<\/p>\n\n\n\n<p><\/p>\n\n\n\n<div class=\"wp-block-media-text is-stacked-on-mobile\"><figure class=\"wp-block-media-text__media\"><img loading=\"lazy\" decoding=\"async\" width=\"1024\" height=\"768\" src=\"https:\/\/cdc-pont-viau.swlauriersb.vortexdev.com\/wp-content\/uploads\/sites\/43\/2024\/06\/GUIDANCE-COUSELLOR-1-1024x768.jpg\" alt=\"\" class=\"wp-image-962 size-full\" srcset=\"https:\/\/cdc-pont-viau.swlauriersb.vortexdev.com\/wp-content\/uploads\/sites\/43\/2024\/06\/GUIDANCE-COUSELLOR-1-1024x768.jpg 1024w, https:\/\/cdc-pont-viau.swlauriersb.vortexdev.com\/wp-content\/uploads\/sites\/43\/2024\/06\/GUIDANCE-COUSELLOR-1-300x225.jpg 300w, https:\/\/cdc-pont-viau.swlauriersb.vortexdev.com\/wp-content\/uploads\/sites\/43\/2024\/06\/GUIDANCE-COUSELLOR-1-768x576.jpg 768w, https:\/\/cdc-pont-viau.swlauriersb.vortexdev.com\/wp-content\/uploads\/sites\/43\/2024\/06\/GUIDANCE-COUSELLOR-1-1536x1152.jpg 1536w, https:\/\/cdc-pont-viau.swlauriersb.vortexdev.com\/wp-content\/uploads\/sites\/43\/2024\/06\/GUIDANCE-COUSELLOR-1-2048x1536.jpg 2048w\" sizes=\"(max-width: 1024px) 100vw, 1024px\" \/><\/figure><div class=\"wp-block-media-text__content\">\n<h2 class=\"wp-block-heading\">Services acad\u00e9miques et professionnels<\/h2>\n\n\n\n<p>Rencontrer les \u00e9tudiants potentiels pour explorer les diff\u00e9rentes options de carri\u00e8re, les pr\u00e9requis pour les programmes et les conditions d&#8217;admission.<\/p>\n\n\n\n<p>Fournir des informations concernant l&#8217;aide financi\u00e8re sous forme de <strong>pr\u00eats<\/strong> et de <strong>bourses<\/strong> offerts par <a href=\"https:\/\/www.quebec.ca\/education\/aide-financiere-aux-etudes\">l&#8217;AFE<\/a><\/p>\n\n\n\n<p>Conseiller les \u00e9tudiants qui rencontrent des difficult\u00e9s acad\u00e9miques<\/p>\n\n\n\n<p>Aider les \u00e9tudiants dans leurs plans de d\u00e9veloppement de carri\u00e8re<\/p>\n<\/div><\/div>\n\n\n\n<div class=\"wp-block-media-text has-media-on-the-right is-stacked-on-mobile\"><div class=\"wp-block-media-text__content\">\n<h2 class=\"wp-block-heading\">Services de l&#8217;assistant social<\/h2>\n\n\n\n<p>Apporter un soutien aux \u00e9tudiants qui rencontrent des probl\u00e8mes de vie et des probl\u00e8mes sociaux<\/p>\n\n\n\n<p>Orienter les \u00e9tudiants vers les services appropri\u00e9s tels que les agences qui fournissent une aide financi\u00e8re, une aide juridique, un logement, un traitement m\u00e9dical et d&#8217;autres services.<\/p>\n\n\n\n<p>Planifier des activit\u00e9s pour les \u00e9tudiants afin de promouvoir leur bien-\u00eatre<\/p>\n<\/div><figure class=\"wp-block-media-text__media\"><img decoding=\"async\" src=\"http:\/\/cdc-pont-viau.swlauriersb.vortexdev.com\/wp-content\/uploads\/sites\/43\/2024\/06\/iStock-2148111412-1.jpg\" alt=\"\" class=\"wp-image-998 size-full\" \/><\/figure><\/div>\n\n\n\n<p>Events<\/p>\n\n\n\n<div class=\"wp-block-media-text is-stacked-on-mobile\"><figure class=\"wp-block-media-text__media\"><img loading=\"lazy\" decoding=\"async\" width=\"1024\" height=\"768\" src=\"http:\/\/cdc-pont-viau.swlauriersb.vortexdev.com\/wp-content\/uploads\/sites\/43\/2024\/06\/image00004-1024x768.jpeg\" alt=\"\" class=\"wp-image-973 size-full\" srcset=\"https:\/\/cdc-pont-viau.swlauriersb.vortexdev.com\/wp-content\/uploads\/sites\/43\/2024\/06\/image00004-1024x768.jpeg 1024w, https:\/\/cdc-pont-viau.swlauriersb.vortexdev.com\/wp-content\/uploads\/sites\/43\/2024\/06\/image00004-300x225.jpeg 300w, https:\/\/cdc-pont-viau.swlauriersb.vortexdev.com\/wp-content\/uploads\/sites\/43\/2024\/06\/image00004-768x576.jpeg 768w, https:\/\/cdc-pont-viau.swlauriersb.vortexdev.com\/wp-content\/uploads\/sites\/43\/2024\/06\/image00004-1536x1152.jpeg 1536w, https:\/\/cdc-pont-viau.swlauriersb.vortexdev.com\/wp-content\/uploads\/sites\/43\/2024\/06\/image00004-2048x1536.jpeg 2048w\" sizes=\"(max-width: 1024px) 100vw, 1024px\" \/><\/figure><div class=\"wp-block-media-text__content\">\n<h2 class=\"wp-block-heading\">Events<\/h2>\n\n\n\n<p>Yearly graduations are held for our students<\/p>\n\n\n\n<p>Winter &amp; Spring holidays are celebrated<\/p>\n\n\n\n<p>Welcome back and end of year celebrations<\/p>\n\n\n\n<ul>\n<li>Mental Health Weeks<\/li>\n\n\n\n<li>Teacher Appreciation Days<\/li>\n\n\n\n<li>Multicultural Events<\/li>\n\n\n\n<li>Perseverance Days and Adult Learners Events<\/li>\n\n\n\n<li>Career and Employment Workshops<\/li>\n<\/ul>\n<\/div><\/div>\n","protected":false},"excerpt":{"rendered":"<p>Dans notre centre, notre objectif est de faire en sorte que chaque \u00e9l\u00e8ve se sente valoris\u00e9. Nous reconnaissons le caract\u00e8re unique de chaque \u00e9l\u00e8ve et personnalisons notre approche afin de nous assurer qu&#8217;ils disposent de tous les outils n\u00e9cessaires pour atteindre leur plein potentiel. Services acad\u00e9miques et professionnels Rencontrer les \u00e9tudiants potentiels pour explorer les&hellip;<\/p>\n","protected":false},"author":1,"featured_media":1219,"parent":680,"menu_order":0,"comment_status":"closed","ping_status":"closed","template":"","meta":{"_acf_changed":false,"_relevanssi_hide_post":"","_relevanssi_hide_content":"","_relevanssi_pin_for_all":"","_relevanssi_pin_keywords":"","_relevanssi_unpin_keywords":"","_relevanssi_related_keywords":"","_relevanssi_related_include_ids":"","_relevanssi_related_exclude_ids":"","_relevanssi_related_no_append":"","_relevanssi_related_not_related":"","_relevanssi_related_posts":"","_relevanssi_noindex_reason":"","footnotes":""},"acf":[],"_links":{"self":[{"href":"https:\/\/cdc-pont-viau.swlauriersb.vortexdev.com\/fr\/wp-json\/wp\/v2\/pages\/686"}],"collection":[{"href":"https:\/\/cdc-pont-viau.swlauriersb.vortexdev.com\/fr\/wp-json\/wp\/v2\/pages"}],"about":[{"href":"https:\/\/cdc-pont-viau.swlauriersb.vortexdev.com\/fr\/wp-json\/wp\/v2\/types\/page"}],"author":[{"embeddable":true,"href":"https:\/\/cdc-pont-viau.swlauriersb.vortexdev.com\/fr\/wp-json\/wp\/v2\/users\/1"}],"replies":[{"embeddable":true,"href":"https:\/\/cdc-pont-viau.swlauriersb.vortexdev.com\/fr\/wp-json\/wp\/v2\/comments?post=686"}],"version-history":[{"count":7,"href":"https:\/\/cdc-pont-viau.swlauriersb.vortexdev.com\/fr\/wp-json\/wp\/v2\/pages\/686\/revisions"}],"predecessor-version":[{"id":1858,"href":"https:\/\/cdc-pont-viau.swlauriersb.vortexdev.com\/fr\/wp-json\/wp\/v2\/pages\/686\/revisions\/1858"}],"up":[{"embeddable":true,"href":"https:\/\/cdc-pont-viau.swlauriersb.vortexdev.com\/fr\/wp-json\/wp\/v2\/pages\/680"}],"wp:featuredmedia":[{"embeddable":true,"href":"https:\/\/cdc-pont-viau.swlauriersb.vortexdev.com\/fr\/wp-json\/wp\/v2\/media\/1219"}],"wp:attachment":[{"href":"https:\/\/cdc-pont-viau.swlauriersb.vortexdev.com\/fr\/wp-json\/wp\/v2\/media?parent=686"}],"curies":[{"name":"wp","href":"https:\/\/api.w.org\/{rel}","templated":true}]}}