{"id":689,"date":"2024-05-23T16:25:37","date_gmt":"2024-05-23T20:25:37","guid":{"rendered":"https:\/\/cdc-pont-viau.swlauriersb.vortexdev.com\/about-us\/"},"modified":"2024-11-04T14:56:56","modified_gmt":"2024-11-04T19:56:56","slug":"about-us","status":"publish","type":"page","link":"https:\/\/cdc-pont-viau.swlauriersb.vortexdev.com\/fr\/about-us\/","title":{"rendered":"A propos"},"content":{"rendered":"\n<div class=\"wp-block-media-text has-media-on-the-right is-stacked-on-mobile is-vertically-aligned-center\" style=\"grid-template-columns:auto 40%\"><div class=\"wp-block-media-text__content\">\n<p>Le CDC Pont-Viau, le centre de formation professionnelle de la Commission scolaire Sir-Wilfrid-Laurier, dessert une client\u00e8le diversifi\u00e9e depuis plus de 25 ans. Nous offrons une gamme de programmes en anglais du minist\u00e8re de l&#8217;\u00c9ducation qui m\u00e8nent \u00e0 des carri\u00e8res dans les domaines de la bureautique, des soins de sant\u00e9, de la construction et de l&#8217;\u00e9ducation. De plus, nous offrons des programmes de m\u00e9tiers sp\u00e9cialis\u00e9s par l&#8217;entremise de nos partenariats r\u00e9gionaux.<\/p>\n\n\n\n<p>Notre \u00e9quipe de professionnels d\u00e9vou\u00e9s s&#8217;engage \u00e0 vous fournir les outils n\u00e9cessaires \u00e0 votre r\u00e9ussite, que vous soyez un r\u00e9cent dipl\u00f4m\u00e9 de l&#8217;enseignement secondaire, un \u00e9tudiant international, un immigrant nouvellement arriv\u00e9 cherchant \u00e0 s&#8217;enraciner au Canada, un \u00e9tudiant reprenant ses \u00e9tudes ou une personne cherchant \u00e0 changer de carri\u00e8re. Notre devise, \u00ab Apprendre pour gagner \u00bb, est le principe directeur de nos efforts quotidiens.<\/p>\n\n\n\n<p>Nous offrons des programmes menant \u00e0 l&#8217;obtention d&#8217;un dipl\u00f4me d&#8217;\u00e9tudes professionnelles (DEP), d&#8217;une attestation d&#8217;\u00e9tudes professionnelles (AEP), attestation de specialization professionnelle (ASP) ainsi que divers cours de formation continue.<\/p>\n<\/div><figure class=\"wp-block-media-text__media\"><img loading=\"lazy\" decoding=\"async\" width=\"1024\" height=\"768\" src=\"http:\/\/cdc-pont-viau.swlauriersb.vortexdev.com\/wp-content\/uploads\/sites\/43\/2024\/07\/cdc-pont-viau-building--1024x768.jpg\" alt=\"\" class=\"wp-image-1227 size-full\" srcset=\"https:\/\/cdc-pont-viau.swlauriersb.vortexdev.com\/wp-content\/uploads\/sites\/43\/2024\/07\/cdc-pont-viau-building--1024x768.jpg 1024w, https:\/\/cdc-pont-viau.swlauriersb.vortexdev.com\/wp-content\/uploads\/sites\/43\/2024\/07\/cdc-pont-viau-building--300x225.jpg 300w, https:\/\/cdc-pont-viau.swlauriersb.vortexdev.com\/wp-content\/uploads\/sites\/43\/2024\/07\/cdc-pont-viau-building--768x576.jpg 768w, https:\/\/cdc-pont-viau.swlauriersb.vortexdev.com\/wp-content\/uploads\/sites\/43\/2024\/07\/cdc-pont-viau-building--1536x1152.jpg 1536w, https:\/\/cdc-pont-viau.swlauriersb.vortexdev.com\/wp-content\/uploads\/sites\/43\/2024\/07\/cdc-pont-viau-building--2048x1536.jpg 2048w\" sizes=\"(max-width: 1024px) 100vw, 1024px\" \/><\/figure><\/div>\n\n\n\n<div class=\"wp-block-buttons is-content-justification-center is-layout-flex wp-container-core-buttons-is-layout-1 wp-block-buttons-is-layout-flex\">\n<div class=\"wp-block-button\"><a class=\"wp-block-button__link has-text-align-center wp-element-button\" href=\"https:\/\/www.inforoutefpt.org\/formation-professionnelle\">Tout savoir sur les dipl\u00f4mes de formation professionnelle<i class=\"icon-arrow-left\"><\/i><\/a><\/div>\n<\/div>\n\n\n\n<div class=\"wp-block-group is-layout-constrained wp-block-group-is-layout-constrained\">\n<div class=\"wp-block-group is-layout-constrained wp-block-group-is-layout-constrained\">\n<h3 class=\"wp-block-heading\">Une r\u00e9putation bien \u00e9tablie<\/h3>\n\n\n\n<p>Nous avons acquis une solide r\u00e9putation aupr\u00e8s de nos partenaires industriels qui reconnaissent que nous pr\u00e9parons minutieusement notre corps \u00e9tudiant diversifi\u00e9, compos\u00e9 d&#8217;\u00e9tudiants locaux, de nouveaux immigrants et d&#8217;\u00e9tudiants internationaux, \u00e0 entrer avec succ\u00e8s sur le march\u00e9 du travail.<\/p>\n\n\n\n<h3 class=\"wp-block-heading\">Un cadre urbain<\/h3>\n\n\n\n<p>Notre centre est situ\u00e9 au c\u0153ur de Laval, une ville urbaine anim\u00e9e, \u00e0 un pont de Montr\u00e9al. Notre centre est facilement accessible, \u00e0 distance de marche des transports en commun tels que le m\u00e9tro Cartier et la gare routi\u00e8re centrale, et nous offrons \u00e0 nos \u00e9tudiants un parking gratuit sur place.<\/p>\n<\/div>\n<\/div>\n\n\n\n<h4 class=\"wp-block-heading has-text-align-center\">Visionnez notre vid\u00e9o (en anglais seulement) !<\/h4>\n\n\n\n<figure class=\"wp-block-embed is-type-video is-provider-youtube wp-block-embed-youtube wp-embed-aspect-16-9 wp-has-aspect-ratio\"><div class=\"wp-block-embed__wrapper\">\n<iframe loading=\"lazy\" title=\"CDC Pont Viau Vocational Training Centre\" width=\"500\" height=\"281\" src=\"https:\/\/www.youtube.com\/embed\/dIan1On_Au4?feature=oembed\" frameborder=\"0\" allow=\"accelerometer; autoplay; clipboard-write; encrypted-media; gyroscope; picture-in-picture; web-share\" referrerpolicy=\"strict-origin-when-cross-origin\" allowfullscreen><\/iframe>\n<\/div><\/figure>\n","protected":false},"excerpt":{"rendered":"<p>Le CDC Pont-Viau, le centre de formation professionnelle de la Commission scolaire Sir-Wilfrid-Laurier, dessert une client\u00e8le diversifi\u00e9e depuis plus de 25 ans. Nous offrons une gamme de programmes en anglais du minist\u00e8re de l&#8217;\u00c9ducation qui m\u00e8nent \u00e0 des carri\u00e8res dans les domaines de la bureautique, des soins de sant\u00e9, de la construction et de l&#8217;\u00e9ducation.&hellip;<\/p>\n","protected":false},"author":1,"featured_media":0,"parent":0,"menu_order":0,"comment_status":"closed","ping_status":"closed","template":"","meta":{"_acf_changed":false,"_relevanssi_hide_post":"","_relevanssi_hide_content":"","_relevanssi_pin_for_all":"","_relevanssi_pin_keywords":"","_relevanssi_unpin_keywords":"","_relevanssi_related_keywords":"","_relevanssi_related_include_ids":"","_relevanssi_related_exclude_ids":"","_relevanssi_related_no_append":"","_relevanssi_related_not_related":"","_relevanssi_related_posts":"2203","_relevanssi_noindex_reason":"","footnotes":""},"acf":[],"_links":{"self":[{"href":"https:\/\/cdc-pont-viau.swlauriersb.vortexdev.com\/fr\/wp-json\/wp\/v2\/pages\/689"}],"collection":[{"href":"https:\/\/cdc-pont-viau.swlauriersb.vortexdev.com\/fr\/wp-json\/wp\/v2\/pages"}],"about":[{"href":"https:\/\/cdc-pont-viau.swlauriersb.vortexdev.com\/fr\/wp-json\/wp\/v2\/types\/page"}],"author":[{"embeddable":true,"href":"https:\/\/cdc-pont-viau.swlauriersb.vortexdev.com\/fr\/wp-json\/wp\/v2\/users\/1"}],"replies":[{"embeddable":true,"href":"https:\/\/cdc-pont-viau.swlauriersb.vortexdev.com\/fr\/wp-json\/wp\/v2\/comments?post=689"}],"version-history":[{"count":8,"href":"https:\/\/cdc-pont-viau.swlauriersb.vortexdev.com\/fr\/wp-json\/wp\/v2\/pages\/689\/revisions"}],"predecessor-version":[{"id":2216,"href":"https:\/\/cdc-pont-viau.swlauriersb.vortexdev.com\/fr\/wp-json\/wp\/v2\/pages\/689\/revisions\/2216"}],"wp:attachment":[{"href":"https:\/\/cdc-pont-viau.swlauriersb.vortexdev.com\/fr\/wp-json\/wp\/v2\/media?parent=689"}],"curies":[{"name":"wp","href":"https:\/\/api.w.org\/{rel}","templated":true}]}}